{"id":147,"date":"2022-05-28T19:29:57","date_gmt":"2022-05-28T17:29:57","guid":{"rendered":"https:\/\/suesse-geschichten.de\/shop\/?post_type=product&#038;p=147"},"modified":"2025-03-30T21:04:29","modified_gmt":"2025-03-30T20:04:29","slug":"moussetorten","status":"publish","type":"product","link":"https:\/\/suesse-geschichten.de\/shop\/produkt\/moussetorten\/","title":{"rendered":"Moussetorten"},"content":{"rendered":"<p>Hier aufgef\u00fchrt sind die <a href=\"\/shop\/allergene-und-zusatzstoffe\/\"><u>Allergene &amp; Zusatzstoffe<\/u><\/a>.<br \/>\nBitte beachten Sie die Hinweise zur <a class=\"_ps2id\" href=\"\/shop\/haltbarkeit-transport\" data-ps2id-offset=\"\"><u>Haltbarkeit &amp; Transport<\/u><\/a>.<\/p>\n","protected":false},"excerpt":{"rendered":"<p><span style=\"color: red;\"><b><i>Wichtig vor der Bestellung:<\/i><\/b><\/span><br \/>\n\u2022 Bitte bestellen Sie mindestens eine Woche vor dem gew\u00fcnschten Datum<br data-rich-text-line-break=\"true\" \/>\u2022 Der Wunsch-Abholtermin kann im Warenkorb festgelegt werden<br \/>\n\u2022 F\u00fcr Ihre Deko-W\u00fcnsche nutzen Sie das Kommentar-Feld, ansonsten nehmen Sie gerne mit mir Kontakt auf und wir k\u00f6nnen alle W\u00fcnsche individuell besprechen<br \/>\n\u2022 Hochzeitstorten, eine Kombination zweier Formen als zweist\u00f6ckige Torte oder drei Torten auf Etagere jederzeit auf Anfrage<\/p>\n","protected":false},"featured_media":1473,"template":"","meta":[],"product_brand":[],"product_cat":[41],"product_tag":[],"class_list":{"0":"post-147","1":"product","2":"type-product","3":"status-publish","4":"has-post-thumbnail","6":"product_cat-moussedesserts","8":"first","9":"instock","10":"taxable","11":"shipping-taxable","12":"purchasable","13":"product-type-variable"},"yoast_head":"<!-- This site is optimized with the Yoast SEO plugin v27.4 - https:\/\/yoast.com\/product\/yoast-seo-wordpress\/ -->\n<title>Moussetorten - &quot;S\u00fc\u00dfe Geschichten&quot; - Dessert-Atelier Maria Krau\u00df<\/title>\n<meta name=\"robots\" content=\"index, follow, max-snippet:-1, max-image-preview:large, max-video-preview:-1\" \/>\n<link rel=\"canonical\" href=\"https:\/\/suesse-geschichten.de\/shop\/produkt\/moussetorten\/\" \/>\n<meta property=\"og:locale\" content=\"de_DE\" \/>\n<meta property=\"og:type\" content=\"article\" \/>\n<meta property=\"og:title\" content=\"Moussetorten - &quot;S\u00fc\u00dfe Geschichten&quot; - Dessert-Atelier Maria Krau\u00df\" \/>\n<meta property=\"og:description\" content=\"Wichtig vor der Bestellung: \u2022 Bitte bestellen Sie mindestens eine Woche vor dem gew\u00fcnschten Datum\u2022 Der Wunsch-Abholtermin kann im Warenkorb festgelegt werden \u2022 F\u00fcr Ihre Deko-W\u00fcnsche nutzen Sie das Kommentar-Feld, ansonsten nehmen Sie gerne mit mir Kontakt auf und wir k\u00f6nnen alle W\u00fcnsche individuell besprechen \u2022 Hochzeitstorten, eine Kombination zweier Formen als zweist\u00f6ckige Torte oder drei Torten auf Etagere jederzeit auf Anfrage\" \/>\n<meta property=\"og:url\" content=\"https:\/\/suesse-geschichten.de\/shop\/produkt\/moussetorten\/\" \/>\n<meta property=\"og:site_name\" content=\"&quot;S\u00fc\u00dfe Geschichten&quot; - Dessert-Atelier Maria Krau\u00df\" \/>\n<meta property=\"article:modified_time\" content=\"2025-03-30T20:04:29+00:00\" \/>\n<meta property=\"og:image\" content=\"https:\/\/suesse-geschichten.de\/shop\/wp-content\/uploads\/2022\/05\/tortenauswahl.jpg\" \/>\n\t<meta property=\"og:image:width\" content=\"2400\" \/>\n\t<meta property=\"og:image:height\" content=\"2400\" \/>\n\t<meta property=\"og:image:type\" content=\"image\/jpeg\" \/>\n<meta name=\"twitter:card\" content=\"summary_large_image\" \/>\n<meta name=\"twitter:label1\" content=\"Gesch\u00e4tzte Lesezeit\" \/>\n\t<meta name=\"twitter:data1\" content=\"1\u00a0Minute\" \/>\n<script type=\"application\/ld+json\" class=\"yoast-schema-graph\">{\"@context\":\"https:\\\/\\\/schema.org\",\"@graph\":[{\"@type\":\"WebPage\",\"@id\":\"https:\\\/\\\/suesse-geschichten.de\\\/shop\\\/produkt\\\/moussetorten\\\/\",\"url\":\"https:\\\/\\\/suesse-geschichten.de\\\/shop\\\/produkt\\\/moussetorten\\\/\",\"name\":\"Moussetorten - &quot;S\u00fc\u00dfe Geschichten&quot; - Dessert-Atelier Maria Krau\u00df\",\"isPartOf\":{\"@id\":\"https:\\\/\\\/suesse-geschichten.de\\\/shop\\\/#website\"},\"primaryImageOfPage\":{\"@id\":\"https:\\\/\\\/suesse-geschichten.de\\\/shop\\\/produkt\\\/moussetorten\\\/#primaryimage\"},\"image\":{\"@id\":\"https:\\\/\\\/suesse-geschichten.de\\\/shop\\\/produkt\\\/moussetorten\\\/#primaryimage\"},\"thumbnailUrl\":\"https:\\\/\\\/i0.wp.com\\\/suesse-geschichten.de\\\/shop\\\/wp-content\\\/uploads\\\/2024\\\/07\\\/tortenauswahl_V2.jpg?fit=2400%2C2400&ssl=1\",\"datePublished\":\"2022-05-28T17:29:57+00:00\",\"dateModified\":\"2025-03-30T20:04:29+00:00\",\"breadcrumb\":{\"@id\":\"https:\\\/\\\/suesse-geschichten.de\\\/shop\\\/produkt\\\/moussetorten\\\/#breadcrumb\"},\"inLanguage\":\"de\",\"potentialAction\":[{\"@type\":\"ReadAction\",\"target\":[\"https:\\\/\\\/suesse-geschichten.de\\\/shop\\\/produkt\\\/moussetorten\\\/\"]}]},{\"@type\":\"ImageObject\",\"inLanguage\":\"de\",\"@id\":\"https:\\\/\\\/suesse-geschichten.de\\\/shop\\\/produkt\\\/moussetorten\\\/#primaryimage\",\"url\":\"https:\\\/\\\/i0.wp.com\\\/suesse-geschichten.de\\\/shop\\\/wp-content\\\/uploads\\\/2024\\\/07\\\/tortenauswahl_V2.jpg?fit=2400%2C2400&ssl=1\",\"contentUrl\":\"https:\\\/\\\/i0.wp.com\\\/suesse-geschichten.de\\\/shop\\\/wp-content\\\/uploads\\\/2024\\\/07\\\/tortenauswahl_V2.jpg?fit=2400%2C2400&ssl=1\",\"width\":2400,\"height\":2400},{\"@type\":\"BreadcrumbList\",\"@id\":\"https:\\\/\\\/suesse-geschichten.de\\\/shop\\\/produkt\\\/moussetorten\\\/#breadcrumb\",\"itemListElement\":[{\"@type\":\"ListItem\",\"position\":1,\"name\":\"Startseite\",\"item\":\"https:\\\/\\\/suesse-geschichten.de\\\/shop\\\/\"},{\"@type\":\"ListItem\",\"position\":2,\"name\":\"Mein Shop\",\"item\":\"https:\\\/\\\/suesse-geschichten.de\\\/shop\\\/shop\\\/\"},{\"@type\":\"ListItem\",\"position\":3,\"name\":\"Moussetorten\"}]},{\"@type\":\"WebSite\",\"@id\":\"https:\\\/\\\/suesse-geschichten.de\\\/shop\\\/#website\",\"url\":\"https:\\\/\\\/suesse-geschichten.de\\\/shop\\\/\",\"name\":\"&quot;S\u00fc\u00dfe Geschichten&quot; - Dessert-Atelier Maria Krau\u00df\",\"description\":\"Hier biete ich franz\u00f6sische P\u00e2tisserie in Dresden an\",\"publisher\":{\"@id\":\"https:\\\/\\\/suesse-geschichten.de\\\/shop\\\/#organization\"},\"potentialAction\":[{\"@type\":\"SearchAction\",\"target\":{\"@type\":\"EntryPoint\",\"urlTemplate\":\"https:\\\/\\\/suesse-geschichten.de\\\/shop\\\/?s={search_term_string}\"},\"query-input\":{\"@type\":\"PropertyValueSpecification\",\"valueRequired\":true,\"valueName\":\"search_term_string\"}}],\"inLanguage\":\"de\"},{\"@type\":\"Organization\",\"@id\":\"https:\\\/\\\/suesse-geschichten.de\\\/shop\\\/#organization\",\"name\":\"&quot;S\u00fc\u00dfe Geschichten&quot; - Dessert-Atelier Maria Krau\u00df\",\"url\":\"https:\\\/\\\/suesse-geschichten.de\\\/shop\\\/\",\"logo\":{\"@type\":\"ImageObject\",\"inLanguage\":\"de\",\"@id\":\"https:\\\/\\\/suesse-geschichten.de\\\/shop\\\/#\\\/schema\\\/logo\\\/image\\\/\",\"url\":\"https:\\\/\\\/i0.wp.com\\\/suesse-geschichten.de\\\/shop\\\/wp-content\\\/uploads\\\/2022\\\/05\\\/Logo.png?fit=301%2C77&ssl=1\",\"contentUrl\":\"https:\\\/\\\/i0.wp.com\\\/suesse-geschichten.de\\\/shop\\\/wp-content\\\/uploads\\\/2022\\\/05\\\/Logo.png?fit=301%2C77&ssl=1\",\"width\":301,\"height\":77,\"caption\":\"&quot;S\u00fc\u00dfe Geschichten&quot; - Dessert-Atelier Maria Krau\u00df\"},\"image\":{\"@id\":\"https:\\\/\\\/suesse-geschichten.de\\\/shop\\\/#\\\/schema\\\/logo\\\/image\\\/\"}}]}<\/script>\n<!-- \/ Yoast SEO plugin. -->","yoast_head_json":{"title":"Moussetorten - &quot;S\u00fc\u00dfe Geschichten&quot; - Dessert-Atelier Maria Krau\u00df","robots":{"index":"index","follow":"follow","max-snippet":"max-snippet:-1","max-image-preview":"max-image-preview:large","max-video-preview":"max-video-preview:-1"},"canonical":"https:\/\/suesse-geschichten.de\/shop\/produkt\/moussetorten\/","og_locale":"de_DE","og_type":"article","og_title":"Moussetorten - &quot;S\u00fc\u00dfe Geschichten&quot; - Dessert-Atelier Maria Krau\u00df","og_description":"Wichtig vor der Bestellung: \u2022 Bitte bestellen Sie mindestens eine Woche vor dem gew\u00fcnschten Datum\u2022 Der Wunsch-Abholtermin kann im Warenkorb festgelegt werden \u2022 F\u00fcr Ihre Deko-W\u00fcnsche nutzen Sie das Kommentar-Feld, ansonsten nehmen Sie gerne mit mir Kontakt auf und wir k\u00f6nnen alle W\u00fcnsche individuell besprechen \u2022 Hochzeitstorten, eine Kombination zweier Formen als zweist\u00f6ckige Torte oder drei Torten auf Etagere jederzeit auf Anfrage","og_url":"https:\/\/suesse-geschichten.de\/shop\/produkt\/moussetorten\/","og_site_name":"&quot;S\u00fc\u00dfe Geschichten&quot; - Dessert-Atelier Maria Krau\u00df","article_modified_time":"2025-03-30T20:04:29+00:00","og_image":[{"width":2400,"height":2400,"url":"https:\/\/suesse-geschichten.de\/shop\/wp-content\/uploads\/2022\/05\/tortenauswahl.jpg","type":"image\/jpeg"}],"twitter_card":"summary_large_image","twitter_misc":{"Gesch\u00e4tzte Lesezeit":"1\u00a0Minute"},"schema":{"@context":"https:\/\/schema.org","@graph":[{"@type":"WebPage","@id":"https:\/\/suesse-geschichten.de\/shop\/produkt\/moussetorten\/","url":"https:\/\/suesse-geschichten.de\/shop\/produkt\/moussetorten\/","name":"Moussetorten - &quot;S\u00fc\u00dfe Geschichten&quot; - Dessert-Atelier Maria Krau\u00df","isPartOf":{"@id":"https:\/\/suesse-geschichten.de\/shop\/#website"},"primaryImageOfPage":{"@id":"https:\/\/suesse-geschichten.de\/shop\/produkt\/moussetorten\/#primaryimage"},"image":{"@id":"https:\/\/suesse-geschichten.de\/shop\/produkt\/moussetorten\/#primaryimage"},"thumbnailUrl":"https:\/\/i0.wp.com\/suesse-geschichten.de\/shop\/wp-content\/uploads\/2024\/07\/tortenauswahl_V2.jpg?fit=2400%2C2400&ssl=1","datePublished":"2022-05-28T17:29:57+00:00","dateModified":"2025-03-30T20:04:29+00:00","breadcrumb":{"@id":"https:\/\/suesse-geschichten.de\/shop\/produkt\/moussetorten\/#breadcrumb"},"inLanguage":"de","potentialAction":[{"@type":"ReadAction","target":["https:\/\/suesse-geschichten.de\/shop\/produkt\/moussetorten\/"]}]},{"@type":"ImageObject","inLanguage":"de","@id":"https:\/\/suesse-geschichten.de\/shop\/produkt\/moussetorten\/#primaryimage","url":"https:\/\/i0.wp.com\/suesse-geschichten.de\/shop\/wp-content\/uploads\/2024\/07\/tortenauswahl_V2.jpg?fit=2400%2C2400&ssl=1","contentUrl":"https:\/\/i0.wp.com\/suesse-geschichten.de\/shop\/wp-content\/uploads\/2024\/07\/tortenauswahl_V2.jpg?fit=2400%2C2400&ssl=1","width":2400,"height":2400},{"@type":"BreadcrumbList","@id":"https:\/\/suesse-geschichten.de\/shop\/produkt\/moussetorten\/#breadcrumb","itemListElement":[{"@type":"ListItem","position":1,"name":"Startseite","item":"https:\/\/suesse-geschichten.de\/shop\/"},{"@type":"ListItem","position":2,"name":"Mein Shop","item":"https:\/\/suesse-geschichten.de\/shop\/shop\/"},{"@type":"ListItem","position":3,"name":"Moussetorten"}]},{"@type":"WebSite","@id":"https:\/\/suesse-geschichten.de\/shop\/#website","url":"https:\/\/suesse-geschichten.de\/shop\/","name":"&quot;S\u00fc\u00dfe Geschichten&quot; - Dessert-Atelier Maria Krau\u00df","description":"Hier biete ich franz\u00f6sische P\u00e2tisserie in Dresden an","publisher":{"@id":"https:\/\/suesse-geschichten.de\/shop\/#organization"},"potentialAction":[{"@type":"SearchAction","target":{"@type":"EntryPoint","urlTemplate":"https:\/\/suesse-geschichten.de\/shop\/?s={search_term_string}"},"query-input":{"@type":"PropertyValueSpecification","valueRequired":true,"valueName":"search_term_string"}}],"inLanguage":"de"},{"@type":"Organization","@id":"https:\/\/suesse-geschichten.de\/shop\/#organization","name":"&quot;S\u00fc\u00dfe Geschichten&quot; - Dessert-Atelier Maria Krau\u00df","url":"https:\/\/suesse-geschichten.de\/shop\/","logo":{"@type":"ImageObject","inLanguage":"de","@id":"https:\/\/suesse-geschichten.de\/shop\/#\/schema\/logo\/image\/","url":"https:\/\/i0.wp.com\/suesse-geschichten.de\/shop\/wp-content\/uploads\/2022\/05\/Logo.png?fit=301%2C77&ssl=1","contentUrl":"https:\/\/i0.wp.com\/suesse-geschichten.de\/shop\/wp-content\/uploads\/2022\/05\/Logo.png?fit=301%2C77&ssl=1","width":301,"height":77,"caption":"&quot;S\u00fc\u00dfe Geschichten&quot; - Dessert-Atelier Maria Krau\u00df"},"image":{"@id":"https:\/\/suesse-geschichten.de\/shop\/#\/schema\/logo\/image\/"}}]}},"jetpack-related-posts":[{"id":1332,"url":"https:\/\/suesse-geschichten.de\/shop\/produkt\/torte-napoleon\/","url_meta":{"origin":147,"position":0},"title":"Torte &#8222;Napoleon&#8220;","author":"admin","date":"30. M\u00e4rz 2024","format":false,"excerpt":"Schichttorte aus Bl\u00e4tterteig und Vanille-Creme","rel":"","context":"\u00c4hnlicher Beitrag","block_context":{"text":"\u00c4hnlicher Beitrag","link":""},"img":{"alt_text":"","src":"https:\/\/i0.wp.com\/suesse-geschichten.de\/shop\/wp-content\/uploads\/2023\/10\/Napoleon_Klassisch_2.jpg?fit=1007%2C1200&ssl=1&resize=350%2C200","width":350,"height":200,"srcset":"https:\/\/i0.wp.com\/suesse-geschichten.de\/shop\/wp-content\/uploads\/2023\/10\/Napoleon_Klassisch_2.jpg?fit=1007%2C1200&ssl=1&resize=350%2C200 1x, https:\/\/i0.wp.com\/suesse-geschichten.de\/shop\/wp-content\/uploads\/2023\/10\/Napoleon_Klassisch_2.jpg?fit=1007%2C1200&ssl=1&resize=525%2C300 1.5x, https:\/\/i0.wp.com\/suesse-geschichten.de\/shop\/wp-content\/uploads\/2023\/10\/Napoleon_Klassisch_2.jpg?fit=1007%2C1200&ssl=1&resize=700%2C400 2x"},"classes":[]},{"id":1451,"url":"https:\/\/suesse-geschichten.de\/shop\/produkt\/torte-medovik\/","url_meta":{"origin":147,"position":1},"title":"Torte &#8222;Medovik&#8220;","author":"admin","date":"30. M\u00e4rz 2024","format":false,"excerpt":"Schichttorte aus Teigb\u00f6den mit Buchweizenhonig und Creme aus saurer Sahne.","rel":"","context":"\u00c4hnlicher Beitrag","block_context":{"text":"\u00c4hnlicher Beitrag","link":""},"img":{"alt_text":"","src":"https:\/\/i0.wp.com\/suesse-geschichten.de\/shop\/wp-content\/uploads\/2023\/10\/Medovik.jpg?fit=1200%2C1200&ssl=1&resize=350%2C200","width":350,"height":200,"srcset":"https:\/\/i0.wp.com\/suesse-geschichten.de\/shop\/wp-content\/uploads\/2023\/10\/Medovik.jpg?fit=1200%2C1200&ssl=1&resize=350%2C200 1x, https:\/\/i0.wp.com\/suesse-geschichten.de\/shop\/wp-content\/uploads\/2023\/10\/Medovik.jpg?fit=1200%2C1200&ssl=1&resize=525%2C300 1.5x, https:\/\/i0.wp.com\/suesse-geschichten.de\/shop\/wp-content\/uploads\/2023\/10\/Medovik.jpg?fit=1200%2C1200&ssl=1&resize=700%2C400 2x, https:\/\/i0.wp.com\/suesse-geschichten.de\/shop\/wp-content\/uploads\/2023\/10\/Medovik.jpg?fit=1200%2C1200&ssl=1&resize=1050%2C600 3x"},"classes":[]},{"id":1920,"url":"https:\/\/suesse-geschichten.de\/shop\/produkt\/macarons\/","url_meta":{"origin":147,"position":2},"title":"Macarons","author":"admin","date":"4. Januar 2026","format":false,"excerpt":"Wir bieten verschiedene Macaron-Boxen an. Die Geschmacksrichtungen richten sich nach dem vorhandenen Vorrat. Folgende Sorten stehen z.B. zur Verf\u00fcgung: - Schwarze Johannisbeere - Himbeere \/ Pistazie - Brownie - Erdbeere \/ Vanille - Tropischer Joghurt - Rafaello - Yuzu - Kirsche \/ Tonka \/ Mandel - Haselnuss - Zitronen-Cheesecake -\u2026","rel":"","context":"\u00c4hnlicher Beitrag","block_context":{"text":"\u00c4hnlicher Beitrag","link":""},"img":{"alt_text":"","src":"https:\/\/i0.wp.com\/suesse-geschichten.de\/shop\/wp-content\/uploads\/2026\/01\/Macarons_4b.jpg?fit=720%2C961&ssl=1&resize=350%2C200","width":350,"height":200,"srcset":"https:\/\/i0.wp.com\/suesse-geschichten.de\/shop\/wp-content\/uploads\/2026\/01\/Macarons_4b.jpg?fit=720%2C961&ssl=1&resize=350%2C200 1x, https:\/\/i0.wp.com\/suesse-geschichten.de\/shop\/wp-content\/uploads\/2026\/01\/Macarons_4b.jpg?fit=720%2C961&ssl=1&resize=525%2C300 1.5x, https:\/\/i0.wp.com\/suesse-geschichten.de\/shop\/wp-content\/uploads\/2026\/01\/Macarons_4b.jpg?fit=720%2C961&ssl=1&resize=700%2C400 2x"},"classes":[]},{"id":50,"url":"https:\/\/suesse-geschichten.de\/shop\/produkt\/eclairs\/","url_meta":{"origin":147,"position":3},"title":"Eclairs","author":"admin","date":"27. Mai 2022","format":false,"excerpt":"Bei den Fotos handelt es sich teilweise um Beispieldarstellungen. Das Dessert kann je Bestand in Form und Farbe variieren. Bei konkreten W\u00fcnschen tragen Sie diese bitte im Kommentarfeld im Warenkorb ein. Hier aufgef\u00fchrt sind die Allergene & Zusatzstoffe. Bitte beachten Sie die Hinweise zur Haltbarkeit & Transport.","rel":"","context":"\u00c4hnlicher Beitrag","block_context":{"text":"\u00c4hnlicher Beitrag","link":""},"img":{"alt_text":"Eclairs","src":"https:\/\/i0.wp.com\/suesse-geschichten.de\/shop\/wp-content\/uploads\/2022\/05\/Eclairs.jpg?fit=1000%2C1000&ssl=1&resize=350%2C200","width":350,"height":200,"srcset":"https:\/\/i0.wp.com\/suesse-geschichten.de\/shop\/wp-content\/uploads\/2022\/05\/Eclairs.jpg?fit=1000%2C1000&ssl=1&resize=350%2C200 1x, https:\/\/i0.wp.com\/suesse-geschichten.de\/shop\/wp-content\/uploads\/2022\/05\/Eclairs.jpg?fit=1000%2C1000&ssl=1&resize=525%2C300 1.5x, https:\/\/i0.wp.com\/suesse-geschichten.de\/shop\/wp-content\/uploads\/2022\/05\/Eclairs.jpg?fit=1000%2C1000&ssl=1&resize=700%2C400 2x"},"classes":[]},{"id":25,"url":"https:\/\/suesse-geschichten.de\/shop\/produkt\/moussetoertchen\/","url_meta":{"origin":147,"position":4},"title":"Mousset\u00f6rtchen","author":"admin","date":"26. Mai 2022","format":false,"excerpt":"ca. 7-8cm.","rel":"","context":"\u00c4hnlicher Beitrag","block_context":{"text":"\u00c4hnlicher Beitrag","link":""},"img":{"alt_text":"Moussetoertchen","src":"https:\/\/i0.wp.com\/suesse-geschichten.de\/shop\/wp-content\/uploads\/2022\/05\/Moussetoertchen.jpg?fit=1000%2C1000&ssl=1&resize=350%2C200","width":350,"height":200,"srcset":"https:\/\/i0.wp.com\/suesse-geschichten.de\/shop\/wp-content\/uploads\/2022\/05\/Moussetoertchen.jpg?fit=1000%2C1000&ssl=1&resize=350%2C200 1x, https:\/\/i0.wp.com\/suesse-geschichten.de\/shop\/wp-content\/uploads\/2022\/05\/Moussetoertchen.jpg?fit=1000%2C1000&ssl=1&resize=525%2C300 1.5x, https:\/\/i0.wp.com\/suesse-geschichten.de\/shop\/wp-content\/uploads\/2022\/05\/Moussetoertchen.jpg?fit=1000%2C1000&ssl=1&resize=700%2C400 2x"},"classes":[]}],"jetpack_sharing_enabled":true,"_links":{"self":[{"href":"https:\/\/suesse-geschichten.de\/shop\/wp-json\/wp\/v2\/product\/147","targetHints":{"allow":["GET"]}}],"collection":[{"href":"https:\/\/suesse-geschichten.de\/shop\/wp-json\/wp\/v2\/product"}],"about":[{"href":"https:\/\/suesse-geschichten.de\/shop\/wp-json\/wp\/v2\/types\/product"}],"wp:featuredmedia":[{"embeddable":true,"href":"https:\/\/suesse-geschichten.de\/shop\/wp-json\/wp\/v2\/media\/1473"}],"wp:attachment":[{"href":"https:\/\/suesse-geschichten.de\/shop\/wp-json\/wp\/v2\/media?parent=147"}],"wp:term":[{"taxonomy":"product_brand","embeddable":true,"href":"https:\/\/suesse-geschichten.de\/shop\/wp-json\/wp\/v2\/product_brand?post=147"},{"taxonomy":"product_cat","embeddable":true,"href":"https:\/\/suesse-geschichten.de\/shop\/wp-json\/wp\/v2\/product_cat?post=147"},{"taxonomy":"product_tag","embeddable":true,"href":"https:\/\/suesse-geschichten.de\/shop\/wp-json\/wp\/v2\/product_tag?post=147"}],"curies":[{"name":"wp","href":"https:\/\/api.w.org\/{rel}","templated":true}]}}