{"id":1159,"date":"2022-12-06T21:53:34","date_gmt":"2022-12-06T19:53:34","guid":{"rendered":"https:\/\/suesse-geschichten.de\/shop\/?post_type=product&#038;p=1159"},"modified":"2022-12-06T23:49:01","modified_gmt":"2022-12-06T21:49:01","slug":"gutscheine","status":"publish","type":"product","link":"https:\/\/suesse-geschichten.de\/shop\/produkt\/gutscheine\/","title":{"rendered":"Gutscheine"},"content":{"rendered":"","protected":false},"excerpt":{"rendered":"<p>Als Geschenk f\u00fcr jeden Anlass eignen sich Gutscheine. Nun k\u00f6nnen diese auch in beliebiger H\u00f6he bei mir erworben und abgeholt werden.<\/p>\n","protected":false},"featured_media":1167,"template":"","meta":[],"product_brand":[],"product_cat":[42,61,41],"product_tag":[],"class_list":{"0":"post-1159","1":"product","2":"type-product","3":"status-publish","4":"has-post-thumbnail","6":"product_cat-eclairs","7":"product_cat-gutscheine","8":"product_cat-moussedesserts","10":"first","11":"instock","12":"taxable","13":"shipping-taxable","14":"purchasable","15":"product-type-simple"},"yoast_head":"<!-- This site is optimized with the Yoast SEO plugin v27.4 - https:\/\/yoast.com\/product\/yoast-seo-wordpress\/ -->\n<title>Gutscheine - &quot;S\u00fc\u00dfe Geschichten&quot; - Dessert-Atelier Maria Krau\u00df<\/title>\n<meta name=\"robots\" content=\"index, follow, max-snippet:-1, max-image-preview:large, max-video-preview:-1\" \/>\n<link rel=\"canonical\" href=\"https:\/\/suesse-geschichten.de\/shop\/produkt\/gutscheine\/\" \/>\n<meta property=\"og:locale\" content=\"de_DE\" \/>\n<meta property=\"og:type\" content=\"article\" \/>\n<meta property=\"og:title\" content=\"Gutscheine - &quot;S\u00fc\u00dfe Geschichten&quot; - Dessert-Atelier Maria Krau\u00df\" \/>\n<meta property=\"og:description\" content=\"Als Geschenk f\u00fcr jeden Anlass eignen sich Gutscheine. Nun k\u00f6nnen diese auch in beliebiger H\u00f6he bei mir erworben und abgeholt werden.\" \/>\n<meta property=\"og:url\" content=\"https:\/\/suesse-geschichten.de\/shop\/produkt\/gutscheine\/\" \/>\n<meta property=\"og:site_name\" content=\"&quot;S\u00fc\u00dfe Geschichten&quot; - Dessert-Atelier Maria Krau\u00df\" \/>\n<meta property=\"article:modified_time\" content=\"2022-12-06T21:49:01+00:00\" \/>\n<meta property=\"og:image\" content=\"https:\/\/suesse-geschichten.de\/shop\/wp-content\/uploads\/2022\/12\/Gutschein.png\" \/>\n\t<meta property=\"og:image:width\" content=\"1608\" \/>\n\t<meta property=\"og:image:height\" content=\"807\" \/>\n\t<meta property=\"og:image:type\" content=\"image\/png\" \/>\n<meta name=\"twitter:card\" content=\"summary_large_image\" \/>\n<script type=\"application\/ld+json\" class=\"yoast-schema-graph\">{\"@context\":\"https:\\\/\\\/schema.org\",\"@graph\":[{\"@type\":\"WebPage\",\"@id\":\"https:\\\/\\\/suesse-geschichten.de\\\/shop\\\/produkt\\\/gutscheine\\\/\",\"url\":\"https:\\\/\\\/suesse-geschichten.de\\\/shop\\\/produkt\\\/gutscheine\\\/\",\"name\":\"Gutscheine - &quot;S\u00fc\u00dfe Geschichten&quot; - Dessert-Atelier Maria Krau\u00df\",\"isPartOf\":{\"@id\":\"https:\\\/\\\/suesse-geschichten.de\\\/shop\\\/#website\"},\"primaryImageOfPage\":{\"@id\":\"https:\\\/\\\/suesse-geschichten.de\\\/shop\\\/produkt\\\/gutscheine\\\/#primaryimage\"},\"image\":{\"@id\":\"https:\\\/\\\/suesse-geschichten.de\\\/shop\\\/produkt\\\/gutscheine\\\/#primaryimage\"},\"thumbnailUrl\":\"https:\\\/\\\/i0.wp.com\\\/suesse-geschichten.de\\\/shop\\\/wp-content\\\/uploads\\\/2022\\\/12\\\/Gutschein.png?fit=1608%2C807&ssl=1\",\"datePublished\":\"2022-12-06T19:53:34+00:00\",\"dateModified\":\"2022-12-06T21:49:01+00:00\",\"breadcrumb\":{\"@id\":\"https:\\\/\\\/suesse-geschichten.de\\\/shop\\\/produkt\\\/gutscheine\\\/#breadcrumb\"},\"inLanguage\":\"de\",\"potentialAction\":[{\"@type\":\"ReadAction\",\"target\":[\"https:\\\/\\\/suesse-geschichten.de\\\/shop\\\/produkt\\\/gutscheine\\\/\"]}]},{\"@type\":\"ImageObject\",\"inLanguage\":\"de\",\"@id\":\"https:\\\/\\\/suesse-geschichten.de\\\/shop\\\/produkt\\\/gutscheine\\\/#primaryimage\",\"url\":\"https:\\\/\\\/i0.wp.com\\\/suesse-geschichten.de\\\/shop\\\/wp-content\\\/uploads\\\/2022\\\/12\\\/Gutschein.png?fit=1608%2C807&ssl=1\",\"contentUrl\":\"https:\\\/\\\/i0.wp.com\\\/suesse-geschichten.de\\\/shop\\\/wp-content\\\/uploads\\\/2022\\\/12\\\/Gutschein.png?fit=1608%2C807&ssl=1\",\"width\":1608,\"height\":807},{\"@type\":\"BreadcrumbList\",\"@id\":\"https:\\\/\\\/suesse-geschichten.de\\\/shop\\\/produkt\\\/gutscheine\\\/#breadcrumb\",\"itemListElement\":[{\"@type\":\"ListItem\",\"position\":1,\"name\":\"Startseite\",\"item\":\"https:\\\/\\\/suesse-geschichten.de\\\/shop\\\/\"},{\"@type\":\"ListItem\",\"position\":2,\"name\":\"Mein Shop\",\"item\":\"https:\\\/\\\/suesse-geschichten.de\\\/shop\\\/shop\\\/\"},{\"@type\":\"ListItem\",\"position\":3,\"name\":\"Gutscheine\"}]},{\"@type\":\"WebSite\",\"@id\":\"https:\\\/\\\/suesse-geschichten.de\\\/shop\\\/#website\",\"url\":\"https:\\\/\\\/suesse-geschichten.de\\\/shop\\\/\",\"name\":\"&quot;S\u00fc\u00dfe Geschichten&quot; - Dessert-Atelier Maria Krau\u00df\",\"description\":\"Hier biete ich franz\u00f6sische P\u00e2tisserie in Dresden an\",\"publisher\":{\"@id\":\"https:\\\/\\\/suesse-geschichten.de\\\/shop\\\/#organization\"},\"potentialAction\":[{\"@type\":\"SearchAction\",\"target\":{\"@type\":\"EntryPoint\",\"urlTemplate\":\"https:\\\/\\\/suesse-geschichten.de\\\/shop\\\/?s={search_term_string}\"},\"query-input\":{\"@type\":\"PropertyValueSpecification\",\"valueRequired\":true,\"valueName\":\"search_term_string\"}}],\"inLanguage\":\"de\"},{\"@type\":\"Organization\",\"@id\":\"https:\\\/\\\/suesse-geschichten.de\\\/shop\\\/#organization\",\"name\":\"&quot;S\u00fc\u00dfe Geschichten&quot; - Dessert-Atelier Maria Krau\u00df\",\"url\":\"https:\\\/\\\/suesse-geschichten.de\\\/shop\\\/\",\"logo\":{\"@type\":\"ImageObject\",\"inLanguage\":\"de\",\"@id\":\"https:\\\/\\\/suesse-geschichten.de\\\/shop\\\/#\\\/schema\\\/logo\\\/image\\\/\",\"url\":\"https:\\\/\\\/i0.wp.com\\\/suesse-geschichten.de\\\/shop\\\/wp-content\\\/uploads\\\/2022\\\/05\\\/Logo.png?fit=301%2C77&ssl=1\",\"contentUrl\":\"https:\\\/\\\/i0.wp.com\\\/suesse-geschichten.de\\\/shop\\\/wp-content\\\/uploads\\\/2022\\\/05\\\/Logo.png?fit=301%2C77&ssl=1\",\"width\":301,\"height\":77,\"caption\":\"&quot;S\u00fc\u00dfe Geschichten&quot; - Dessert-Atelier Maria Krau\u00df\"},\"image\":{\"@id\":\"https:\\\/\\\/suesse-geschichten.de\\\/shop\\\/#\\\/schema\\\/logo\\\/image\\\/\"}}]}<\/script>\n<!-- \/ Yoast SEO plugin. -->","yoast_head_json":{"title":"Gutscheine - &quot;S\u00fc\u00dfe Geschichten&quot; - Dessert-Atelier Maria Krau\u00df","robots":{"index":"index","follow":"follow","max-snippet":"max-snippet:-1","max-image-preview":"max-image-preview:large","max-video-preview":"max-video-preview:-1"},"canonical":"https:\/\/suesse-geschichten.de\/shop\/produkt\/gutscheine\/","og_locale":"de_DE","og_type":"article","og_title":"Gutscheine - &quot;S\u00fc\u00dfe Geschichten&quot; - Dessert-Atelier Maria Krau\u00df","og_description":"Als Geschenk f\u00fcr jeden Anlass eignen sich Gutscheine. Nun k\u00f6nnen diese auch in beliebiger H\u00f6he bei mir erworben und abgeholt werden.","og_url":"https:\/\/suesse-geschichten.de\/shop\/produkt\/gutscheine\/","og_site_name":"&quot;S\u00fc\u00dfe Geschichten&quot; - Dessert-Atelier Maria Krau\u00df","article_modified_time":"2022-12-06T21:49:01+00:00","og_image":[{"width":1608,"height":807,"url":"https:\/\/suesse-geschichten.de\/shop\/wp-content\/uploads\/2022\/12\/Gutschein.png","type":"image\/png"}],"twitter_card":"summary_large_image","schema":{"@context":"https:\/\/schema.org","@graph":[{"@type":"WebPage","@id":"https:\/\/suesse-geschichten.de\/shop\/produkt\/gutscheine\/","url":"https:\/\/suesse-geschichten.de\/shop\/produkt\/gutscheine\/","name":"Gutscheine - &quot;S\u00fc\u00dfe Geschichten&quot; - Dessert-Atelier Maria Krau\u00df","isPartOf":{"@id":"https:\/\/suesse-geschichten.de\/shop\/#website"},"primaryImageOfPage":{"@id":"https:\/\/suesse-geschichten.de\/shop\/produkt\/gutscheine\/#primaryimage"},"image":{"@id":"https:\/\/suesse-geschichten.de\/shop\/produkt\/gutscheine\/#primaryimage"},"thumbnailUrl":"https:\/\/i0.wp.com\/suesse-geschichten.de\/shop\/wp-content\/uploads\/2022\/12\/Gutschein.png?fit=1608%2C807&ssl=1","datePublished":"2022-12-06T19:53:34+00:00","dateModified":"2022-12-06T21:49:01+00:00","breadcrumb":{"@id":"https:\/\/suesse-geschichten.de\/shop\/produkt\/gutscheine\/#breadcrumb"},"inLanguage":"de","potentialAction":[{"@type":"ReadAction","target":["https:\/\/suesse-geschichten.de\/shop\/produkt\/gutscheine\/"]}]},{"@type":"ImageObject","inLanguage":"de","@id":"https:\/\/suesse-geschichten.de\/shop\/produkt\/gutscheine\/#primaryimage","url":"https:\/\/i0.wp.com\/suesse-geschichten.de\/shop\/wp-content\/uploads\/2022\/12\/Gutschein.png?fit=1608%2C807&ssl=1","contentUrl":"https:\/\/i0.wp.com\/suesse-geschichten.de\/shop\/wp-content\/uploads\/2022\/12\/Gutschein.png?fit=1608%2C807&ssl=1","width":1608,"height":807},{"@type":"BreadcrumbList","@id":"https:\/\/suesse-geschichten.de\/shop\/produkt\/gutscheine\/#breadcrumb","itemListElement":[{"@type":"ListItem","position":1,"name":"Startseite","item":"https:\/\/suesse-geschichten.de\/shop\/"},{"@type":"ListItem","position":2,"name":"Mein Shop","item":"https:\/\/suesse-geschichten.de\/shop\/shop\/"},{"@type":"ListItem","position":3,"name":"Gutscheine"}]},{"@type":"WebSite","@id":"https:\/\/suesse-geschichten.de\/shop\/#website","url":"https:\/\/suesse-geschichten.de\/shop\/","name":"&quot;S\u00fc\u00dfe Geschichten&quot; - Dessert-Atelier Maria Krau\u00df","description":"Hier biete ich franz\u00f6sische P\u00e2tisserie in Dresden an","publisher":{"@id":"https:\/\/suesse-geschichten.de\/shop\/#organization"},"potentialAction":[{"@type":"SearchAction","target":{"@type":"EntryPoint","urlTemplate":"https:\/\/suesse-geschichten.de\/shop\/?s={search_term_string}"},"query-input":{"@type":"PropertyValueSpecification","valueRequired":true,"valueName":"search_term_string"}}],"inLanguage":"de"},{"@type":"Organization","@id":"https:\/\/suesse-geschichten.de\/shop\/#organization","name":"&quot;S\u00fc\u00dfe Geschichten&quot; - Dessert-Atelier Maria Krau\u00df","url":"https:\/\/suesse-geschichten.de\/shop\/","logo":{"@type":"ImageObject","inLanguage":"de","@id":"https:\/\/suesse-geschichten.de\/shop\/#\/schema\/logo\/image\/","url":"https:\/\/i0.wp.com\/suesse-geschichten.de\/shop\/wp-content\/uploads\/2022\/05\/Logo.png?fit=301%2C77&ssl=1","contentUrl":"https:\/\/i0.wp.com\/suesse-geschichten.de\/shop\/wp-content\/uploads\/2022\/05\/Logo.png?fit=301%2C77&ssl=1","width":301,"height":77,"caption":"&quot;S\u00fc\u00dfe Geschichten&quot; - Dessert-Atelier Maria Krau\u00df"},"image":{"@id":"https:\/\/suesse-geschichten.de\/shop\/#\/schema\/logo\/image\/"}}]}},"jetpack-related-posts":[{"id":1451,"url":"https:\/\/suesse-geschichten.de\/shop\/produkt\/torte-medovik\/","url_meta":{"origin":1159,"position":0},"title":"Torte &#8222;Medovik&#8220;","author":"admin","date":"30. M\u00e4rz 2024","format":false,"excerpt":"Schichttorte aus Teigb\u00f6den mit Buchweizenhonig und Creme aus saurer Sahne.","rel":"","context":"\u00c4hnlicher Beitrag","block_context":{"text":"\u00c4hnlicher Beitrag","link":""},"img":{"alt_text":"","src":"https:\/\/i0.wp.com\/suesse-geschichten.de\/shop\/wp-content\/uploads\/2023\/10\/Medovik.jpg?fit=1200%2C1200&ssl=1&resize=350%2C200","width":350,"height":200,"srcset":"https:\/\/i0.wp.com\/suesse-geschichten.de\/shop\/wp-content\/uploads\/2023\/10\/Medovik.jpg?fit=1200%2C1200&ssl=1&resize=350%2C200 1x, https:\/\/i0.wp.com\/suesse-geschichten.de\/shop\/wp-content\/uploads\/2023\/10\/Medovik.jpg?fit=1200%2C1200&ssl=1&resize=525%2C300 1.5x, https:\/\/i0.wp.com\/suesse-geschichten.de\/shop\/wp-content\/uploads\/2023\/10\/Medovik.jpg?fit=1200%2C1200&ssl=1&resize=700%2C400 2x, https:\/\/i0.wp.com\/suesse-geschichten.de\/shop\/wp-content\/uploads\/2023\/10\/Medovik.jpg?fit=1200%2C1200&ssl=1&resize=1050%2C600 3x"},"classes":[]},{"id":147,"url":"https:\/\/suesse-geschichten.de\/shop\/produkt\/moussetorten\/","url_meta":{"origin":1159,"position":1},"title":"Moussetorten","author":"admin","date":"28. Mai 2022","format":false,"excerpt":"Wichtig vor der Bestellung: \u2022 Bitte bestellen Sie mindestens eine Woche vor dem gew\u00fcnschten Datum\u2022 Der Wunsch-Abholtermin kann im Warenkorb festgelegt werden \u2022 F\u00fcr Ihre Deko-W\u00fcnsche nutzen Sie das Kommentar-Feld, ansonsten nehmen Sie gerne mit mir Kontakt auf und wir k\u00f6nnen alle W\u00fcnsche individuell besprechen \u2022 Hochzeitstorten, eine Kombination zweier\u2026","rel":"","context":"\u00c4hnlicher Beitrag","block_context":{"text":"\u00c4hnlicher Beitrag","link":""},"img":{"alt_text":"","src":"https:\/\/i0.wp.com\/suesse-geschichten.de\/shop\/wp-content\/uploads\/2024\/07\/tortenauswahl_V2.jpg?fit=1200%2C1200&ssl=1&resize=350%2C200","width":350,"height":200,"srcset":"https:\/\/i0.wp.com\/suesse-geschichten.de\/shop\/wp-content\/uploads\/2024\/07\/tortenauswahl_V2.jpg?fit=1200%2C1200&ssl=1&resize=350%2C200 1x, https:\/\/i0.wp.com\/suesse-geschichten.de\/shop\/wp-content\/uploads\/2024\/07\/tortenauswahl_V2.jpg?fit=1200%2C1200&ssl=1&resize=525%2C300 1.5x, https:\/\/i0.wp.com\/suesse-geschichten.de\/shop\/wp-content\/uploads\/2024\/07\/tortenauswahl_V2.jpg?fit=1200%2C1200&ssl=1&resize=700%2C400 2x, https:\/\/i0.wp.com\/suesse-geschichten.de\/shop\/wp-content\/uploads\/2024\/07\/tortenauswahl_V2.jpg?fit=1200%2C1200&ssl=1&resize=1050%2C600 3x"},"classes":[]},{"id":1920,"url":"https:\/\/suesse-geschichten.de\/shop\/produkt\/macarons\/","url_meta":{"origin":1159,"position":2},"title":"Macarons","author":"admin","date":"4. Januar 2026","format":false,"excerpt":"Wir bieten verschiedene Macaron-Boxen an. Die Geschmacksrichtungen richten sich nach dem vorhandenen Vorrat. Folgende Sorten stehen z.B. zur Verf\u00fcgung: - Schwarze Johannisbeere - Himbeere \/ Pistazie - Brownie - Erdbeere \/ Vanille - Tropischer Joghurt - Rafaello - Yuzu - Kirsche \/ Tonka \/ Mandel - Haselnuss - Zitronen-Cheesecake -\u2026","rel":"","context":"\u00c4hnlicher Beitrag","block_context":{"text":"\u00c4hnlicher Beitrag","link":""},"img":{"alt_text":"","src":"https:\/\/i0.wp.com\/suesse-geschichten.de\/shop\/wp-content\/uploads\/2026\/01\/Macarons_4b.jpg?fit=720%2C961&ssl=1&resize=350%2C200","width":350,"height":200,"srcset":"https:\/\/i0.wp.com\/suesse-geschichten.de\/shop\/wp-content\/uploads\/2026\/01\/Macarons_4b.jpg?fit=720%2C961&ssl=1&resize=350%2C200 1x, https:\/\/i0.wp.com\/suesse-geschichten.de\/shop\/wp-content\/uploads\/2026\/01\/Macarons_4b.jpg?fit=720%2C961&ssl=1&resize=525%2C300 1.5x, https:\/\/i0.wp.com\/suesse-geschichten.de\/shop\/wp-content\/uploads\/2026\/01\/Macarons_4b.jpg?fit=720%2C961&ssl=1&resize=700%2C400 2x"},"classes":[]}],"jetpack_sharing_enabled":true,"_links":{"self":[{"href":"https:\/\/suesse-geschichten.de\/shop\/wp-json\/wp\/v2\/product\/1159","targetHints":{"allow":["GET"]}}],"collection":[{"href":"https:\/\/suesse-geschichten.de\/shop\/wp-json\/wp\/v2\/product"}],"about":[{"href":"https:\/\/suesse-geschichten.de\/shop\/wp-json\/wp\/v2\/types\/product"}],"wp:featuredmedia":[{"embeddable":true,"href":"https:\/\/suesse-geschichten.de\/shop\/wp-json\/wp\/v2\/media\/1167"}],"wp:attachment":[{"href":"https:\/\/suesse-geschichten.de\/shop\/wp-json\/wp\/v2\/media?parent=1159"}],"wp:term":[{"taxonomy":"product_brand","embeddable":true,"href":"https:\/\/suesse-geschichten.de\/shop\/wp-json\/wp\/v2\/product_brand?post=1159"},{"taxonomy":"product_cat","embeddable":true,"href":"https:\/\/suesse-geschichten.de\/shop\/wp-json\/wp\/v2\/product_cat?post=1159"},{"taxonomy":"product_tag","embeddable":true,"href":"https:\/\/suesse-geschichten.de\/shop\/wp-json\/wp\/v2\/product_tag?post=1159"}],"curies":[{"name":"wp","href":"https:\/\/api.w.org\/{rel}","templated":true}]}}