{"id":184,"date":"2022-05-28T21:42:34","date_gmt":"2022-05-28T19:42:34","guid":{"rendered":"https:\/\/suesse-geschichten.de\/shop\/?page_id=184"},"modified":"2022-06-11T14:37:28","modified_gmt":"2022-06-11T12:37:28","slug":"haltbarkeit-transport","status":"publish","type":"page","link":"https:\/\/suesse-geschichten.de\/shop\/haltbarkeit-transport\/","title":{"rendered":"Haltbarkeit &#038; Transport"},"content":{"rendered":"\n<p class=\"has-text-align-left\">Meine Desserts werden per Hand aus nat\u00fcrlichen und sorgf\u00e4ltig ausgesuchten Zutaten hergestellt. Um eine optimale Qualit\u00e4t genie\u00dfen zu k\u00f6nnen, da einige Zutaten leicht verderblich sind (Milch, Eier, Sahne), ist eine <strong>durchgehende K\u00fchlung<\/strong> besonders wichtig! Vor allem in den w\u00e4rmeren Monaten empfiehlt es sich, Desserts in einer Isolierbox nach Hause zu transportieren. Anschlie\u00dfend sollten diese Lebensmittel sofort in den K\u00fchlschrank ger\u00e4umt werden: optimale Temperatur +5 bis +8 Grad.<\/p>\n\n\n\n<p class=\"has-text-align-left\"><strong>Maximale Haltbarkeit: 48 Stunden<\/strong><\/p>\n\n\n\n<p class=\"has-text-align-left\">Beim Transportieren der Desserts sollte man beachten, dass diese sich auf einer <strong>ebenen Fl\u00e4che<\/strong> befinden sollen: entweder im Kofferraum, oder auf dem Boden im Salon\/Fu\u00dfraum des Autos. Bitte nicht auf die Autositze stellen: das Dessert kann kippen und zerst\u00f6rt werden!<\/p>\n","protected":false},"excerpt":{"rendered":"<p>Meine Desserts werden per Hand aus nat\u00fcrlichen und sorgf\u00e4ltig ausgesuchten Zutaten hergestellt. Um eine optimale Qualit\u00e4t genie\u00dfen zu k\u00f6nnen, da einige Zutaten [&hellip;]<\/p>\n","protected":false},"author":1,"featured_media":0,"parent":0,"menu_order":0,"comment_status":"closed","ping_status":"closed","template":"","meta":{"footnotes":""},"class_list":["post-184","page","type-page","status-publish","hentry"],"yoast_head":"<!-- This site is optimized with the Yoast SEO plugin v27.1.1 - https:\/\/yoast.com\/product\/yoast-seo-wordpress\/ -->\n<title>Haltbarkeit &amp; Transport - &quot;S\u00fc\u00dfe Geschichten&quot; - Dessert-Atelier Maria Krau\u00df<\/title>\n<meta name=\"robots\" content=\"index, follow, max-snippet:-1, max-image-preview:large, max-video-preview:-1\" \/>\n<link rel=\"canonical\" href=\"https:\/\/suesse-geschichten.de\/shop\/haltbarkeit-transport\/\" \/>\n<meta property=\"og:locale\" content=\"de_DE\" \/>\n<meta property=\"og:type\" content=\"article\" \/>\n<meta property=\"og:title\" content=\"Haltbarkeit &amp; Transport - &quot;S\u00fc\u00dfe Geschichten&quot; - Dessert-Atelier Maria Krau\u00df\" \/>\n<meta property=\"og:description\" content=\"Meine Desserts werden per Hand aus nat\u00fcrlichen und sorgf\u00e4ltig ausgesuchten Zutaten hergestellt. Um eine optimale Qualit\u00e4t genie\u00dfen zu k\u00f6nnen, da einige Zutaten [&hellip;]\" \/>\n<meta property=\"og:url\" content=\"https:\/\/suesse-geschichten.de\/shop\/haltbarkeit-transport\/\" \/>\n<meta property=\"og:site_name\" content=\"&quot;S\u00fc\u00dfe Geschichten&quot; - Dessert-Atelier Maria Krau\u00df\" \/>\n<meta property=\"article:modified_time\" content=\"2022-06-11T12:37:28+00:00\" \/>\n<meta name=\"twitter:card\" content=\"summary_large_image\" \/>\n<meta name=\"twitter:label1\" content=\"Gesch\u00e4tzte Lesezeit\" \/>\n\t<meta name=\"twitter:data1\" content=\"1\u00a0Minute\" \/>\n<script type=\"application\/ld+json\" class=\"yoast-schema-graph\">{\"@context\":\"https:\/\/schema.org\",\"@graph\":[{\"@type\":\"WebPage\",\"@id\":\"https:\/\/suesse-geschichten.de\/shop\/haltbarkeit-transport\/\",\"url\":\"https:\/\/suesse-geschichten.de\/shop\/haltbarkeit-transport\/\",\"name\":\"Haltbarkeit & Transport - &quot;S\u00fc\u00dfe Geschichten&quot; - Dessert-Atelier Maria Krau\u00df\",\"isPartOf\":{\"@id\":\"https:\/\/suesse-geschichten.de\/shop\/#website\"},\"datePublished\":\"2022-05-28T19:42:34+00:00\",\"dateModified\":\"2022-06-11T12:37:28+00:00\",\"breadcrumb\":{\"@id\":\"https:\/\/suesse-geschichten.de\/shop\/haltbarkeit-transport\/#breadcrumb\"},\"inLanguage\":\"de\",\"potentialAction\":[{\"@type\":\"ReadAction\",\"target\":[\"https:\/\/suesse-geschichten.de\/shop\/haltbarkeit-transport\/\"]}]},{\"@type\":\"BreadcrumbList\",\"@id\":\"https:\/\/suesse-geschichten.de\/shop\/haltbarkeit-transport\/#breadcrumb\",\"itemListElement\":[{\"@type\":\"ListItem\",\"position\":1,\"name\":\"Startseite\",\"item\":\"https:\/\/suesse-geschichten.de\/shop\/\"},{\"@type\":\"ListItem\",\"position\":2,\"name\":\"Haltbarkeit &#038; Transport\"}]},{\"@type\":\"WebSite\",\"@id\":\"https:\/\/suesse-geschichten.de\/shop\/#website\",\"url\":\"https:\/\/suesse-geschichten.de\/shop\/\",\"name\":\"&quot;S\u00fc\u00dfe Geschichten&quot; - Dessert-Atelier Maria Krau\u00df\",\"description\":\"Hier biete ich franz\u00f6sische P\u00e2tisserie in Dresden an\",\"publisher\":{\"@id\":\"https:\/\/suesse-geschichten.de\/shop\/#organization\"},\"potentialAction\":[{\"@type\":\"SearchAction\",\"target\":{\"@type\":\"EntryPoint\",\"urlTemplate\":\"https:\/\/suesse-geschichten.de\/shop\/?s={search_term_string}\"},\"query-input\":{\"@type\":\"PropertyValueSpecification\",\"valueRequired\":true,\"valueName\":\"search_term_string\"}}],\"inLanguage\":\"de\"},{\"@type\":\"Organization\",\"@id\":\"https:\/\/suesse-geschichten.de\/shop\/#organization\",\"name\":\"&quot;S\u00fc\u00dfe Geschichten&quot; - Dessert-Atelier Maria Krau\u00df\",\"url\":\"https:\/\/suesse-geschichten.de\/shop\/\",\"logo\":{\"@type\":\"ImageObject\",\"inLanguage\":\"de\",\"@id\":\"https:\/\/suesse-geschichten.de\/shop\/#\/schema\/logo\/image\/\",\"url\":\"https:\/\/i0.wp.com\/suesse-geschichten.de\/shop\/wp-content\/uploads\/2022\/05\/Logo.png?fit=301%2C77&ssl=1\",\"contentUrl\":\"https:\/\/i0.wp.com\/suesse-geschichten.de\/shop\/wp-content\/uploads\/2022\/05\/Logo.png?fit=301%2C77&ssl=1\",\"width\":301,\"height\":77,\"caption\":\"&quot;S\u00fc\u00dfe Geschichten&quot; - Dessert-Atelier Maria Krau\u00df\"},\"image\":{\"@id\":\"https:\/\/suesse-geschichten.de\/shop\/#\/schema\/logo\/image\/\"}}]}<\/script>\n<!-- \/ Yoast SEO plugin. -->","yoast_head_json":{"title":"Haltbarkeit & Transport - &quot;S\u00fc\u00dfe Geschichten&quot; - Dessert-Atelier Maria Krau\u00df","robots":{"index":"index","follow":"follow","max-snippet":"max-snippet:-1","max-image-preview":"max-image-preview:large","max-video-preview":"max-video-preview:-1"},"canonical":"https:\/\/suesse-geschichten.de\/shop\/haltbarkeit-transport\/","og_locale":"de_DE","og_type":"article","og_title":"Haltbarkeit & Transport - &quot;S\u00fc\u00dfe Geschichten&quot; - Dessert-Atelier Maria Krau\u00df","og_description":"Meine Desserts werden per Hand aus nat\u00fcrlichen und sorgf\u00e4ltig ausgesuchten Zutaten hergestellt. Um eine optimale Qualit\u00e4t genie\u00dfen zu k\u00f6nnen, da einige Zutaten [&hellip;]","og_url":"https:\/\/suesse-geschichten.de\/shop\/haltbarkeit-transport\/","og_site_name":"&quot;S\u00fc\u00dfe Geschichten&quot; - Dessert-Atelier Maria Krau\u00df","article_modified_time":"2022-06-11T12:37:28+00:00","twitter_card":"summary_large_image","twitter_misc":{"Gesch\u00e4tzte Lesezeit":"1\u00a0Minute"},"schema":{"@context":"https:\/\/schema.org","@graph":[{"@type":"WebPage","@id":"https:\/\/suesse-geschichten.de\/shop\/haltbarkeit-transport\/","url":"https:\/\/suesse-geschichten.de\/shop\/haltbarkeit-transport\/","name":"Haltbarkeit & Transport - &quot;S\u00fc\u00dfe Geschichten&quot; - Dessert-Atelier Maria Krau\u00df","isPartOf":{"@id":"https:\/\/suesse-geschichten.de\/shop\/#website"},"datePublished":"2022-05-28T19:42:34+00:00","dateModified":"2022-06-11T12:37:28+00:00","breadcrumb":{"@id":"https:\/\/suesse-geschichten.de\/shop\/haltbarkeit-transport\/#breadcrumb"},"inLanguage":"de","potentialAction":[{"@type":"ReadAction","target":["https:\/\/suesse-geschichten.de\/shop\/haltbarkeit-transport\/"]}]},{"@type":"BreadcrumbList","@id":"https:\/\/suesse-geschichten.de\/shop\/haltbarkeit-transport\/#breadcrumb","itemListElement":[{"@type":"ListItem","position":1,"name":"Startseite","item":"https:\/\/suesse-geschichten.de\/shop\/"},{"@type":"ListItem","position":2,"name":"Haltbarkeit &#038; Transport"}]},{"@type":"WebSite","@id":"https:\/\/suesse-geschichten.de\/shop\/#website","url":"https:\/\/suesse-geschichten.de\/shop\/","name":"&quot;S\u00fc\u00dfe Geschichten&quot; - Dessert-Atelier Maria Krau\u00df","description":"Hier biete ich franz\u00f6sische P\u00e2tisserie in Dresden an","publisher":{"@id":"https:\/\/suesse-geschichten.de\/shop\/#organization"},"potentialAction":[{"@type":"SearchAction","target":{"@type":"EntryPoint","urlTemplate":"https:\/\/suesse-geschichten.de\/shop\/?s={search_term_string}"},"query-input":{"@type":"PropertyValueSpecification","valueRequired":true,"valueName":"search_term_string"}}],"inLanguage":"de"},{"@type":"Organization","@id":"https:\/\/suesse-geschichten.de\/shop\/#organization","name":"&quot;S\u00fc\u00dfe Geschichten&quot; - Dessert-Atelier Maria Krau\u00df","url":"https:\/\/suesse-geschichten.de\/shop\/","logo":{"@type":"ImageObject","inLanguage":"de","@id":"https:\/\/suesse-geschichten.de\/shop\/#\/schema\/logo\/image\/","url":"https:\/\/i0.wp.com\/suesse-geschichten.de\/shop\/wp-content\/uploads\/2022\/05\/Logo.png?fit=301%2C77&ssl=1","contentUrl":"https:\/\/i0.wp.com\/suesse-geschichten.de\/shop\/wp-content\/uploads\/2022\/05\/Logo.png?fit=301%2C77&ssl=1","width":301,"height":77,"caption":"&quot;S\u00fc\u00dfe Geschichten&quot; - Dessert-Atelier Maria Krau\u00df"},"image":{"@id":"https:\/\/suesse-geschichten.de\/shop\/#\/schema\/logo\/image\/"}}]}},"jetpack-related-posts":[{"id":67,"url":"https:\/\/suesse-geschichten.de\/shop\/","url_meta":{"origin":184,"position":0},"title":"Franz\u00ad\u00f6sische Back\u00adkunst aus Dresden","author":"admin","date":"27. Mai 2022","format":false,"excerpt":"Unser Angebot zu Ostern Endlich kann man wieder auf die Suche gehen, nach unseren leckeren Eier-T\u00f6rtchen.Und ab 26.03.2026 gibt es bei uns im Ladenverkauf Ostereier-Macarons in den Sorten Sanddorn, Cranberry, Carrot Cake, Vanille\/Maracuja, Honigkuchen und Schoko-Cheesecake. Neue Kurse verf\u00fcgbar Nach unserem ersten erfolgreichen Macaron-Kurs findet der n\u00e4chste im April statt!\u2026","rel":"","context":"\u00c4hnlicher Beitrag","block_context":{"text":"\u00c4hnlicher Beitrag","link":""},"img":{"alt_text":"","src":"https:\/\/i0.wp.com\/suesse-geschichten.de\/shop\/wp-content\/uploads\/2026\/03\/Ostereier-Macarons.jpg?resize=350%2C200&ssl=1","width":350,"height":200,"srcset":"https:\/\/i0.wp.com\/suesse-geschichten.de\/shop\/wp-content\/uploads\/2026\/03\/Ostereier-Macarons.jpg?resize=350%2C200&ssl=1 1x, https:\/\/i0.wp.com\/suesse-geschichten.de\/shop\/wp-content\/uploads\/2026\/03\/Ostereier-Macarons.jpg?resize=525%2C300&ssl=1 1.5x, https:\/\/i0.wp.com\/suesse-geschichten.de\/shop\/wp-content\/uploads\/2026\/03\/Ostereier-Macarons.jpg?resize=700%2C400&ssl=1 2x"},"classes":[]},{"id":16,"url":"https:\/\/suesse-geschichten.de\/shop\/agb\/","url_meta":{"origin":184,"position":1},"title":"AGB","author":"admin","date":"26. Mai 2022","format":false,"excerpt":"Allgemeine Gesch\u00e4ftsbedingungen 1. Geltungsbereich F\u00fcr alle Bestellungen und Kurs-Anmeldungen im Webshop von Maria Krau\u00df Dessert-Atelier \"S\u00fc\u00dfe Geschichten\" (nachfolgend genannt Shop) an Verbraucher gelten diese Allgemeinen Gesch\u00e4ftsbedingungen (AGB). Verbraucher ist jede nat\u00fcrliche Person, die ein Rechtsgesch\u00e4ft zu einem Zwecke abschlie\u00dft, der \u00fcberwiegend weder ihrer gewerblichen noch ihrer selbstst\u00e4ndigen beruflichen T\u00e4tigkeit zugerechnet\u2026","rel":"","context":"\u00c4hnlicher Beitrag","block_context":{"text":"\u00c4hnlicher Beitrag","link":""},"img":{"alt_text":"","src":"","width":0,"height":0},"classes":[]},{"id":126,"url":"https:\/\/suesse-geschichten.de\/shop\/zahlung-versand\/","url_meta":{"origin":184,"position":2},"title":"Zahlung-Versand","author":"admin","date":"28. Mai 2022","format":false,"excerpt":"Zahlung Die Desserts k\u00f6nnen bei der Abholung in bar, mit Debit- oder Kreditkarte mit dem Logo von Visa, V PAY, Mastercard, Maestro, American Express, Discover, Diners Club und Union Pay sowie NFC-Zahlungen \u00fcber Google und Apple Pay, per PayPal oder per \u00dcberweisung bezahlt werden. Versand Es gibt leider noch keine\u2026","rel":"","context":"\u00c4hnlicher Beitrag","block_context":{"text":"\u00c4hnlicher Beitrag","link":""},"img":{"alt_text":"","src":"","width":0,"height":0},"classes":[]},{"id":118,"url":"https:\/\/suesse-geschichten.de\/shop\/meine-geschichte\/","url_meta":{"origin":184,"position":3},"title":"Meine Geschichte","author":"admin","date":"28. Mai 2022","format":false,"excerpt":"Vor 25 Jahren kam ich, junge russische Historikerin, der Liebe wegen nach Dresden, in der Hoffnung, hier weiter meine Forschungen auf dem Gebiet des franz\u00f6sischen Mittelalters fortzusetzen. Leider stellte sich heraus, dass franz\u00f6sische Geschichte hier kaum jemanden interessierte ... Da habe ich mich entschieden, was ganz Anderes anzufangen, studierte Wirtschaftsinformatik\u2026","rel":"","context":"\u00c4hnlicher Beitrag","block_context":{"text":"\u00c4hnlicher Beitrag","link":""},"img":{"alt_text":"","src":"https:\/\/i0.wp.com\/suesse-geschichten.de\/shop\/wp-content\/uploads\/2022\/05\/Maria-Krauss.jpg?resize=350%2C200&ssl=1","width":350,"height":200,"srcset":"https:\/\/i0.wp.com\/suesse-geschichten.de\/shop\/wp-content\/uploads\/2022\/05\/Maria-Krauss.jpg?resize=350%2C200&ssl=1 1x, https:\/\/i0.wp.com\/suesse-geschichten.de\/shop\/wp-content\/uploads\/2022\/05\/Maria-Krauss.jpg?resize=525%2C300&ssl=1 1.5x, https:\/\/i0.wp.com\/suesse-geschichten.de\/shop\/wp-content\/uploads\/2022\/05\/Maria-Krauss.jpg?resize=700%2C400&ssl=1 2x"},"classes":[]},{"id":123,"url":"https:\/\/suesse-geschichten.de\/shop\/kontakt\/","url_meta":{"origin":184,"position":4},"title":"Kontakt","author":"admin","date":"28. Mai 2022","format":false,"excerpt":"Gerne nehme ich auch Bestellungen und Anfragen per Telefon \/ Whatsapp \/ Instagram oder Mail an:Handy: +49 (0) 151 \/ 46 129 410Mail: info@suesse-geschichten.deInstagram:\u00a0https:\/\/www.instagram.com\/pastry_jazz\/ Wegbeschreibung Meine Desserts stelle ich hier her:Trachenberger Str. 2901129 Dresden Ein Bild meines Laden von der Er\u00f6ffnung in 2022.","rel":"","context":"\u00c4hnlicher Beitrag","block_context":{"text":"\u00c4hnlicher Beitrag","link":""},"img":{"alt_text":"","src":"https:\/\/i0.wp.com\/suesse-geschichten.de\/shop\/wp-content\/uploads\/2023\/10\/Konditorei.jpeg?resize=350%2C200&ssl=1","width":350,"height":200,"srcset":"https:\/\/i0.wp.com\/suesse-geschichten.de\/shop\/wp-content\/uploads\/2023\/10\/Konditorei.jpeg?resize=350%2C200&ssl=1 1x, https:\/\/i0.wp.com\/suesse-geschichten.de\/shop\/wp-content\/uploads\/2023\/10\/Konditorei.jpeg?resize=525%2C300&ssl=1 1.5x, https:\/\/i0.wp.com\/suesse-geschichten.de\/shop\/wp-content\/uploads\/2023\/10\/Konditorei.jpeg?resize=700%2C400&ssl=1 2x"},"classes":[]},{"id":14,"url":"https:\/\/suesse-geschichten.de\/shop\/impressum\/","url_meta":{"origin":184,"position":5},"title":"Impressum","author":"admin","date":"26. Mai 2022","format":false,"excerpt":"Angaben gem\u00e4\u00df \u00a7 5 TMG Maria Krau\u00dfDessert Atelier - S\u00fc\u00dfe GeschichtenTrachenberger Str. 2901129 Dresden Kontakt Telefon: +49 (0) 151 \/ 46 129 410E-Mail: info@suesse-geschichten.de Umsatzsteuer-ID Umsatzsteuer-Identifikationsnummer gem\u00e4\u00df \u00a7 27 a Umsatzsteuergesetz: DE 324 950 556 Verantwortlich f\u00fcr den Inhalt nach \u00a7 55 Abs. 2 RStV Maria Krau\u00dfTrachenberger Str. 2901129 Dresden\u2026","rel":"","context":"\u00c4hnlicher Beitrag","block_context":{"text":"\u00c4hnlicher Beitrag","link":""},"img":{"alt_text":"","src":"","width":0,"height":0},"classes":[]}],"jetpack_sharing_enabled":true,"_links":{"self":[{"href":"https:\/\/suesse-geschichten.de\/shop\/wp-json\/wp\/v2\/pages\/184","targetHints":{"allow":["GET"]}}],"collection":[{"href":"https:\/\/suesse-geschichten.de\/shop\/wp-json\/wp\/v2\/pages"}],"about":[{"href":"https:\/\/suesse-geschichten.de\/shop\/wp-json\/wp\/v2\/types\/page"}],"author":[{"embeddable":true,"href":"https:\/\/suesse-geschichten.de\/shop\/wp-json\/wp\/v2\/users\/1"}],"replies":[{"embeddable":true,"href":"https:\/\/suesse-geschichten.de\/shop\/wp-json\/wp\/v2\/comments?post=184"}],"version-history":[{"count":9,"href":"https:\/\/suesse-geschichten.de\/shop\/wp-json\/wp\/v2\/pages\/184\/revisions"}],"predecessor-version":[{"id":985,"href":"https:\/\/suesse-geschichten.de\/shop\/wp-json\/wp\/v2\/pages\/184\/revisions\/985"}],"wp:attachment":[{"href":"https:\/\/suesse-geschichten.de\/shop\/wp-json\/wp\/v2\/media?parent=184"}],"curies":[{"name":"wp","href":"https:\/\/api.w.org\/{rel}","templated":true}]}}