{"id":14,"date":"2022-05-26T19:51:35","date_gmt":"2022-05-26T19:51:35","guid":{"rendered":"https:\/\/suesse-geschichten.de\/shop\/impressum\/"},"modified":"2025-09-03T20:13:26","modified_gmt":"2025-09-03T19:13:26","slug":"impressum","status":"publish","type":"page","link":"https:\/\/suesse-geschichten.de\/shop\/impressum\/","title":{"rendered":"Impressum"},"content":{"rendered":"\n<p><strong>Angaben gem\u00e4\u00df \u00a7 5 TMG<\/strong><\/p>\n\n\n\n<p>Maria Krau\u00df<br>Dessert Atelier &#8211; S\u00fc\u00dfe Geschichten<br>Trachenberger Str. 29<br>01129 Dresden<\/p>\n\n\n\n<p><strong>Kontakt<\/strong><\/p>\n\n\n\n<p>Telefon: +49 (0) 151 \/ 46 129 410<br>E-Mail: info@suesse-geschichten.de<\/p>\n\n\n\n<p><strong>Umsatzsteuer-ID<\/strong><\/p>\n\n\n\n<p>Umsatzsteuer-Identifikationsnummer gem\u00e4\u00df \u00a7 27 a Umsatzsteuergesetz: DE 324 950 556<\/p>\n\n\n\n<p><strong>Verantwortlich f\u00fcr den Inhalt nach \u00a7 55 Abs. 2 RStV<\/strong><\/p>\n\n\n\n<p>Maria Krau\u00df<br>Trachenberger Str. 29<br>01129 Dresden<\/p>\n\n\n\n<p><strong>Streitschlichtung<\/strong><\/p>\n\n\n\n<p>Wir sind nicht bereit oder verpflichtet, an Streitbeilegungsverfahren vor einer Verbraucherschlichtungsstelle teilzunehmen.<\/p>\n\n\n\n<p><strong>Haftung f\u00fcr Inhalte<\/strong><\/p>\n\n\n\n<p>Als Diensteanbieter sind wir gem\u00e4\u00df \u00a7 7 Abs.1 TMG f\u00fcr eigene Inhalte auf diesen Seiten nach den allgemeinen Gesetzen verantwortlich. Nach \u00a7\u00a7 8 bis 10 TMG sind wir als Diensteanbieter jedoch nicht verpflichtet, \u00fcbermittelte oder gespeicherte fremde Informationen zu \u00fcberwachen oder nach Umst\u00e4nden zu forschen, die auf eine rechtswidrige T\u00e4tigkeit hinweisen.<\/p>\n\n\n\n<p>Verpflichtungen zur Entfernung oder Sperrung der Nutzung von Informationen nach den allgemeinen Gesetzen bleiben hiervon unber\u00fchrt. Eine diesbez\u00fcgliche Haftung ist jedoch erst ab dem Zeitpunkt der Kenntnis einer konkreten Rechtsverletzung m\u00f6glich. Bei Bekanntwerden von entsprechenden Rechtsverletzungen werden wir diese Inhalte umgehend entfernen.<\/p>\n\n\n\n<p><strong>Haftung f\u00fcr Links<\/strong><\/p>\n\n\n\n<p>Unser Angebot enth\u00e4lt Links zu externen Websites Dritter, auf deren Inhalte wir keinen Einfluss haben. Deshalb k\u00f6nnen wir f\u00fcr diese fremden Inhalte auch keine Gew\u00e4hr \u00fcbernehmen. F\u00fcr die Inhalte der verlinkten Seiten ist stets der jeweilige Anbieter oder Betreiber der Seiten verantwortlich. Die verlinkten Seiten wurden zum Zeitpunkt der Verlinkung auf m\u00f6gliche Rechtsverst\u00f6\u00dfe \u00fcberpr\u00fcft. Rechtswidrige Inhalte waren zum Zeitpunkt der Verlinkung nicht erkennbar.<\/p>\n\n\n\n<p>Eine permanente inhaltliche Kontrolle der verlinkten Seiten ist jedoch ohne konkrete Anhaltspunkte einer Rechtsverletzung nicht zumutbar. Bei Bekanntwerden von Rechtsverletzungen werden wir derartige Links umgehend entfernen.<\/p>\n\n\n\n<p><strong>Urheberrecht<\/strong><\/p>\n\n\n\n<p>Die durch die Seitenbetreiber erstellten Inhalte und Werke auf diesen Seiten unterliegen dem deutschen Urheberrecht. Die Vervielf\u00e4ltigung, Bearbeitung, Verbreitung und jede Art der Verwertung au\u00dferhalb der Grenzen des Urheberrechtes bed\u00fcrfen der schriftlichen Zustimmung des jeweiligen Autors bzw. Erstellers. Downloads und Kopien dieser Seite sind nur f\u00fcr den privaten, nicht kommerziellen Gebrauch gestattet.<\/p>\n\n\n\n<p>Soweit die Inhalte auf dieser Seite nicht vom Betreiber erstellt wurden, werden die Urheberrechte Dritter beachtet. Insbesondere werden Inhalte Dritter als solche gekennzeichnet. Sollten Sie trotzdem auf eine Urheberrechtsverletzung aufmerksam werden, bitten wir um einen entsprechenden Hinweis. Bei Bekanntwerden von Rechtsverletzungen werden wir derartige Inhalte umgehend entfernen.<\/p>\n\n\n\n<p>Der Verwendung von Bildmaterial von Silikomart wurde durch SILIKOMART S.R.L. zugestimmt.<\/p>\n\n\n\n<p>Ein riesengro\u00dfer Dank geht an meine Freundin, Alisa Chernaya, eine russische Malerin, welche mein Logo kreiert hat.<\/p>\n","protected":false},"excerpt":{"rendered":"<p>Angaben gem\u00e4\u00df \u00a7 5 TMG Maria Krau\u00dfDessert Atelier &#8211; S\u00fc\u00dfe GeschichtenTrachenberger Str. 2901129 Dresden Kontakt Telefon: +49 (0) 151 \/ 46 129 [&hellip;]<\/p>\n","protected":false},"author":1,"featured_media":0,"parent":0,"menu_order":0,"comment_status":"closed","ping_status":"closed","template":"","meta":{"footnotes":""},"class_list":["post-14","page","type-page","status-publish","hentry"],"yoast_head":"<!-- This site is optimized with the Yoast SEO plugin v27.4 - https:\/\/yoast.com\/product\/yoast-seo-wordpress\/ -->\n<title>Impressum - &quot;S\u00fc\u00dfe Geschichten&quot; - Dessert-Atelier Maria Krau\u00df<\/title>\n<meta name=\"robots\" content=\"index, follow, max-snippet:-1, max-image-preview:large, max-video-preview:-1\" \/>\n<link rel=\"canonical\" href=\"https:\/\/suesse-geschichten.de\/shop\/impressum\/\" \/>\n<meta property=\"og:locale\" content=\"de_DE\" \/>\n<meta property=\"og:type\" content=\"article\" \/>\n<meta property=\"og:title\" content=\"Impressum - &quot;S\u00fc\u00dfe Geschichten&quot; - Dessert-Atelier Maria Krau\u00df\" \/>\n<meta property=\"og:description\" content=\"Angaben gem\u00e4\u00df \u00a7 5 TMG Maria Krau\u00dfDessert Atelier &#8211; S\u00fc\u00dfe GeschichtenTrachenberger Str. 2901129 Dresden Kontakt Telefon: +49 (0) 151 \/ 46 129 [&hellip;]\" \/>\n<meta property=\"og:url\" content=\"https:\/\/suesse-geschichten.de\/shop\/impressum\/\" \/>\n<meta property=\"og:site_name\" content=\"&quot;S\u00fc\u00dfe Geschichten&quot; - Dessert-Atelier Maria Krau\u00df\" \/>\n<meta property=\"article:modified_time\" content=\"2025-09-03T19:13:26+00:00\" \/>\n<meta name=\"twitter:card\" content=\"summary_large_image\" \/>\n<meta name=\"twitter:label1\" content=\"Gesch\u00e4tzte Lesezeit\" \/>\n\t<meta name=\"twitter:data1\" content=\"3\u00a0Minuten\" \/>\n<script type=\"application\/ld+json\" class=\"yoast-schema-graph\">{\"@context\":\"https:\\\/\\\/schema.org\",\"@graph\":[{\"@type\":\"WebPage\",\"@id\":\"https:\\\/\\\/suesse-geschichten.de\\\/shop\\\/impressum\\\/\",\"url\":\"https:\\\/\\\/suesse-geschichten.de\\\/shop\\\/impressum\\\/\",\"name\":\"Impressum - &quot;S\u00fc\u00dfe Geschichten&quot; - Dessert-Atelier Maria Krau\u00df\",\"isPartOf\":{\"@id\":\"https:\\\/\\\/suesse-geschichten.de\\\/shop\\\/#website\"},\"datePublished\":\"2022-05-26T19:51:35+00:00\",\"dateModified\":\"2025-09-03T19:13:26+00:00\",\"breadcrumb\":{\"@id\":\"https:\\\/\\\/suesse-geschichten.de\\\/shop\\\/impressum\\\/#breadcrumb\"},\"inLanguage\":\"de\",\"potentialAction\":[{\"@type\":\"ReadAction\",\"target\":[\"https:\\\/\\\/suesse-geschichten.de\\\/shop\\\/impressum\\\/\"]}]},{\"@type\":\"BreadcrumbList\",\"@id\":\"https:\\\/\\\/suesse-geschichten.de\\\/shop\\\/impressum\\\/#breadcrumb\",\"itemListElement\":[{\"@type\":\"ListItem\",\"position\":1,\"name\":\"Startseite\",\"item\":\"https:\\\/\\\/suesse-geschichten.de\\\/shop\\\/\"},{\"@type\":\"ListItem\",\"position\":2,\"name\":\"Impressum\"}]},{\"@type\":\"WebSite\",\"@id\":\"https:\\\/\\\/suesse-geschichten.de\\\/shop\\\/#website\",\"url\":\"https:\\\/\\\/suesse-geschichten.de\\\/shop\\\/\",\"name\":\"&quot;S\u00fc\u00dfe Geschichten&quot; - Dessert-Atelier Maria Krau\u00df\",\"description\":\"Hier biete ich franz\u00f6sische P\u00e2tisserie in Dresden an\",\"publisher\":{\"@id\":\"https:\\\/\\\/suesse-geschichten.de\\\/shop\\\/#organization\"},\"potentialAction\":[{\"@type\":\"SearchAction\",\"target\":{\"@type\":\"EntryPoint\",\"urlTemplate\":\"https:\\\/\\\/suesse-geschichten.de\\\/shop\\\/?s={search_term_string}\"},\"query-input\":{\"@type\":\"PropertyValueSpecification\",\"valueRequired\":true,\"valueName\":\"search_term_string\"}}],\"inLanguage\":\"de\"},{\"@type\":\"Organization\",\"@id\":\"https:\\\/\\\/suesse-geschichten.de\\\/shop\\\/#organization\",\"name\":\"&quot;S\u00fc\u00dfe Geschichten&quot; - Dessert-Atelier Maria Krau\u00df\",\"url\":\"https:\\\/\\\/suesse-geschichten.de\\\/shop\\\/\",\"logo\":{\"@type\":\"ImageObject\",\"inLanguage\":\"de\",\"@id\":\"https:\\\/\\\/suesse-geschichten.de\\\/shop\\\/#\\\/schema\\\/logo\\\/image\\\/\",\"url\":\"https:\\\/\\\/i0.wp.com\\\/suesse-geschichten.de\\\/shop\\\/wp-content\\\/uploads\\\/2022\\\/05\\\/Logo.png?fit=301%2C77&ssl=1\",\"contentUrl\":\"https:\\\/\\\/i0.wp.com\\\/suesse-geschichten.de\\\/shop\\\/wp-content\\\/uploads\\\/2022\\\/05\\\/Logo.png?fit=301%2C77&ssl=1\",\"width\":301,\"height\":77,\"caption\":\"&quot;S\u00fc\u00dfe Geschichten&quot; - Dessert-Atelier Maria Krau\u00df\"},\"image\":{\"@id\":\"https:\\\/\\\/suesse-geschichten.de\\\/shop\\\/#\\\/schema\\\/logo\\\/image\\\/\"}}]}<\/script>\n<!-- \/ Yoast SEO plugin. -->","yoast_head_json":{"title":"Impressum - &quot;S\u00fc\u00dfe Geschichten&quot; - Dessert-Atelier Maria Krau\u00df","robots":{"index":"index","follow":"follow","max-snippet":"max-snippet:-1","max-image-preview":"max-image-preview:large","max-video-preview":"max-video-preview:-1"},"canonical":"https:\/\/suesse-geschichten.de\/shop\/impressum\/","og_locale":"de_DE","og_type":"article","og_title":"Impressum - &quot;S\u00fc\u00dfe Geschichten&quot; - Dessert-Atelier Maria Krau\u00df","og_description":"Angaben gem\u00e4\u00df \u00a7 5 TMG Maria Krau\u00dfDessert Atelier &#8211; S\u00fc\u00dfe GeschichtenTrachenberger Str. 2901129 Dresden Kontakt Telefon: +49 (0) 151 \/ 46 129 [&hellip;]","og_url":"https:\/\/suesse-geschichten.de\/shop\/impressum\/","og_site_name":"&quot;S\u00fc\u00dfe Geschichten&quot; - Dessert-Atelier Maria Krau\u00df","article_modified_time":"2025-09-03T19:13:26+00:00","twitter_card":"summary_large_image","twitter_misc":{"Gesch\u00e4tzte Lesezeit":"3\u00a0Minuten"},"schema":{"@context":"https:\/\/schema.org","@graph":[{"@type":"WebPage","@id":"https:\/\/suesse-geschichten.de\/shop\/impressum\/","url":"https:\/\/suesse-geschichten.de\/shop\/impressum\/","name":"Impressum - &quot;S\u00fc\u00dfe Geschichten&quot; - Dessert-Atelier Maria Krau\u00df","isPartOf":{"@id":"https:\/\/suesse-geschichten.de\/shop\/#website"},"datePublished":"2022-05-26T19:51:35+00:00","dateModified":"2025-09-03T19:13:26+00:00","breadcrumb":{"@id":"https:\/\/suesse-geschichten.de\/shop\/impressum\/#breadcrumb"},"inLanguage":"de","potentialAction":[{"@type":"ReadAction","target":["https:\/\/suesse-geschichten.de\/shop\/impressum\/"]}]},{"@type":"BreadcrumbList","@id":"https:\/\/suesse-geschichten.de\/shop\/impressum\/#breadcrumb","itemListElement":[{"@type":"ListItem","position":1,"name":"Startseite","item":"https:\/\/suesse-geschichten.de\/shop\/"},{"@type":"ListItem","position":2,"name":"Impressum"}]},{"@type":"WebSite","@id":"https:\/\/suesse-geschichten.de\/shop\/#website","url":"https:\/\/suesse-geschichten.de\/shop\/","name":"&quot;S\u00fc\u00dfe Geschichten&quot; - Dessert-Atelier Maria Krau\u00df","description":"Hier biete ich franz\u00f6sische P\u00e2tisserie in Dresden an","publisher":{"@id":"https:\/\/suesse-geschichten.de\/shop\/#organization"},"potentialAction":[{"@type":"SearchAction","target":{"@type":"EntryPoint","urlTemplate":"https:\/\/suesse-geschichten.de\/shop\/?s={search_term_string}"},"query-input":{"@type":"PropertyValueSpecification","valueRequired":true,"valueName":"search_term_string"}}],"inLanguage":"de"},{"@type":"Organization","@id":"https:\/\/suesse-geschichten.de\/shop\/#organization","name":"&quot;S\u00fc\u00dfe Geschichten&quot; - Dessert-Atelier Maria Krau\u00df","url":"https:\/\/suesse-geschichten.de\/shop\/","logo":{"@type":"ImageObject","inLanguage":"de","@id":"https:\/\/suesse-geschichten.de\/shop\/#\/schema\/logo\/image\/","url":"https:\/\/i0.wp.com\/suesse-geschichten.de\/shop\/wp-content\/uploads\/2022\/05\/Logo.png?fit=301%2C77&ssl=1","contentUrl":"https:\/\/i0.wp.com\/suesse-geschichten.de\/shop\/wp-content\/uploads\/2022\/05\/Logo.png?fit=301%2C77&ssl=1","width":301,"height":77,"caption":"&quot;S\u00fc\u00dfe Geschichten&quot; - Dessert-Atelier Maria Krau\u00df"},"image":{"@id":"https:\/\/suesse-geschichten.de\/shop\/#\/schema\/logo\/image\/"}}]}},"jetpack-related-posts":[{"id":16,"url":"https:\/\/suesse-geschichten.de\/shop\/agb\/","url_meta":{"origin":14,"position":0},"title":"AGB","author":"admin","date":"26. Mai 2022","format":false,"excerpt":"Allgemeine Gesch\u00e4ftsbedingungen 1. Geltungsbereich F\u00fcr alle Bestellungen und Kurs-Anmeldungen im Webshop von Maria Krau\u00df Dessert-Atelier \"S\u00fc\u00dfe Geschichten\" (nachfolgend genannt Shop) an Verbraucher gelten diese Allgemeinen Gesch\u00e4ftsbedingungen (AGB). Verbraucher ist jede nat\u00fcrliche Person, die ein Rechtsgesch\u00e4ft zu einem Zwecke abschlie\u00dft, der \u00fcberwiegend weder ihrer gewerblichen noch ihrer selbstst\u00e4ndigen beruflichen T\u00e4tigkeit zugerechnet\u2026","rel":"","context":"\u00c4hnlicher Beitrag","block_context":{"text":"\u00c4hnlicher Beitrag","link":""},"img":{"alt_text":"","src":"","width":0,"height":0},"classes":[]},{"id":123,"url":"https:\/\/suesse-geschichten.de\/shop\/kontakt\/","url_meta":{"origin":14,"position":1},"title":"Kontakt","author":"admin","date":"28. Mai 2022","format":false,"excerpt":"Gerne nehme ich auch Bestellungen und Anfragen per Telefon \/ Whatsapp \/ Instagram oder Mail an:Handy: +49 (0) 151 \/ 46 129 410Mail: info@suesse-geschichten.deInstagram:\u00a0https:\/\/www.instagram.com\/pastry_jazz\/ Wegbeschreibung Meine Desserts stelle ich hier her:Trachenberger Str. 2901129 Dresden Ein Bild meines Laden von der Er\u00f6ffnung in 2022.","rel":"","context":"\u00c4hnlicher Beitrag","block_context":{"text":"\u00c4hnlicher Beitrag","link":""},"img":{"alt_text":"","src":"https:\/\/i0.wp.com\/suesse-geschichten.de\/shop\/wp-content\/uploads\/2023\/10\/Konditorei.jpeg?resize=350%2C200&ssl=1","width":350,"height":200,"srcset":"https:\/\/i0.wp.com\/suesse-geschichten.de\/shop\/wp-content\/uploads\/2023\/10\/Konditorei.jpeg?resize=350%2C200&ssl=1 1x, https:\/\/i0.wp.com\/suesse-geschichten.de\/shop\/wp-content\/uploads\/2023\/10\/Konditorei.jpeg?resize=525%2C300&ssl=1 1.5x, https:\/\/i0.wp.com\/suesse-geschichten.de\/shop\/wp-content\/uploads\/2023\/10\/Konditorei.jpeg?resize=700%2C400&ssl=1 2x"},"classes":[]},{"id":118,"url":"https:\/\/suesse-geschichten.de\/shop\/meine-geschichte\/","url_meta":{"origin":14,"position":2},"title":"Meine Geschichte","author":"admin","date":"28. Mai 2022","format":false,"excerpt":"Vor 25 Jahren kam ich, junge russische Historikerin, der Liebe wegen nach Dresden, in der Hoffnung, hier weiter meine Forschungen auf dem Gebiet des franz\u00f6sischen Mittelalters fortzusetzen. Leider stellte sich heraus, dass franz\u00f6sische Geschichte hier kaum jemanden interessierte ... Da habe ich mich entschieden, was ganz Anderes anzufangen, studierte Wirtschaftsinformatik\u2026","rel":"","context":"\u00c4hnlicher Beitrag","block_context":{"text":"\u00c4hnlicher Beitrag","link":""},"img":{"alt_text":"","src":"https:\/\/i0.wp.com\/suesse-geschichten.de\/shop\/wp-content\/uploads\/2022\/05\/Maria-Krauss.jpg?resize=350%2C200&ssl=1","width":350,"height":200,"srcset":"https:\/\/i0.wp.com\/suesse-geschichten.de\/shop\/wp-content\/uploads\/2022\/05\/Maria-Krauss.jpg?resize=350%2C200&ssl=1 1x, https:\/\/i0.wp.com\/suesse-geschichten.de\/shop\/wp-content\/uploads\/2022\/05\/Maria-Krauss.jpg?resize=525%2C300&ssl=1 1.5x, https:\/\/i0.wp.com\/suesse-geschichten.de\/shop\/wp-content\/uploads\/2022\/05\/Maria-Krauss.jpg?resize=700%2C400&ssl=1 2x"},"classes":[]},{"id":166,"url":"https:\/\/suesse-geschichten.de\/shop\/allergene-und-zusatzstoffe\/","url_meta":{"origin":14,"position":3},"title":"Allergene &#038; Zusatzstoffe","author":"admin","date":"28. Mai 2022","format":false,"excerpt":"","rel":"","context":"\u00c4hnlicher Beitrag","block_context":{"text":"\u00c4hnlicher Beitrag","link":""},"img":{"alt_text":"","src":"https:\/\/i0.wp.com\/suesse-geschichten.de\/shop\/wp-content\/uploads\/2022\/06\/Allergene-1.png?resize=350%2C200&ssl=1","width":350,"height":200,"srcset":"https:\/\/i0.wp.com\/suesse-geschichten.de\/shop\/wp-content\/uploads\/2022\/06\/Allergene-1.png?resize=350%2C200&ssl=1 1x, https:\/\/i0.wp.com\/suesse-geschichten.de\/shop\/wp-content\/uploads\/2022\/06\/Allergene-1.png?resize=525%2C300&ssl=1 1.5x, https:\/\/i0.wp.com\/suesse-geschichten.de\/shop\/wp-content\/uploads\/2022\/06\/Allergene-1.png?resize=700%2C400&ssl=1 2x, https:\/\/i0.wp.com\/suesse-geschichten.de\/shop\/wp-content\/uploads\/2022\/06\/Allergene-1.png?resize=1050%2C600&ssl=1 3x, https:\/\/i0.wp.com\/suesse-geschichten.de\/shop\/wp-content\/uploads\/2022\/06\/Allergene-1.png?resize=1400%2C800&ssl=1 4x"},"classes":[]},{"id":17,"url":"https:\/\/suesse-geschichten.de\/shop\/widerrufsbelehrung\/","url_meta":{"origin":14,"position":4},"title":"Widerrufsbelehrung","author":"admin","date":"26. Mai 2022","format":false,"excerpt":"F\u00fcr den Fall, dass Sie Verbraucher im Sinne des \u00a7 13 BGB sind, also den Kauf zu Zwecken t\u00e4tigen, die \u00fcberwiegend weder Ihrer gewerblichen noch Ihrer selbst\u00e4ndigen beruflichen T\u00e4tigkeit zugerechnet werden k\u00f6nnen, haben Sie ein Widerrufsrecht nach Ma\u00dfgabe der folgenden Bestimmungen. Widerrufsrecht Sie haben das Recht, binnen vierzehn Tagen ohne\u2026","rel":"","context":"\u00c4hnlicher Beitrag","block_context":{"text":"\u00c4hnlicher Beitrag","link":""},"img":{"alt_text":"","src":"","width":0,"height":0},"classes":[]},{"id":67,"url":"https:\/\/suesse-geschichten.de\/shop\/","url_meta":{"origin":14,"position":5},"title":"Franz\u00ad\u00f6sische Back\u00adkunst aus Dresden","author":"admin","date":"27. Mai 2022","format":false,"excerpt":"Neue Kurse verf\u00fcgbar Nach unserem ersten erfolgreichen Macaron-Kurs findet der n\u00e4chste im April statt! Hier geht es zu unserem Kurs-Programm. Wir erweitern unser Angebot! Ab sofort bieten wir auch Biskuit-Torten an! Aber wir m\u00f6chten auch diese ganz besonders gestalten und verwenden keine Buttercreme, sondern verschiedene andere Cremes und F\u00fcllungen. Ihr\u2026","rel":"","context":"\u00c4hnlicher Beitrag","block_context":{"text":"\u00c4hnlicher Beitrag","link":""},"img":{"alt_text":"","src":"https:\/\/i0.wp.com\/suesse-geschichten.de\/shop\/wp-content\/uploads\/2022\/05\/3FC8D5B6-EF85-4886-836A-F9AFD61761E0-scaled.jpeg?resize=350%2C200&ssl=1","width":350,"height":200,"srcset":"https:\/\/i0.wp.com\/suesse-geschichten.de\/shop\/wp-content\/uploads\/2022\/05\/3FC8D5B6-EF85-4886-836A-F9AFD61761E0-scaled.jpeg?resize=350%2C200&ssl=1 1x, https:\/\/i0.wp.com\/suesse-geschichten.de\/shop\/wp-content\/uploads\/2022\/05\/3FC8D5B6-EF85-4886-836A-F9AFD61761E0-scaled.jpeg?resize=525%2C300&ssl=1 1.5x, https:\/\/i0.wp.com\/suesse-geschichten.de\/shop\/wp-content\/uploads\/2022\/05\/3FC8D5B6-EF85-4886-836A-F9AFD61761E0-scaled.jpeg?resize=700%2C400&ssl=1 2x, https:\/\/i0.wp.com\/suesse-geschichten.de\/shop\/wp-content\/uploads\/2022\/05\/3FC8D5B6-EF85-4886-836A-F9AFD61761E0-scaled.jpeg?resize=1050%2C600&ssl=1 3x, https:\/\/i0.wp.com\/suesse-geschichten.de\/shop\/wp-content\/uploads\/2022\/05\/3FC8D5B6-EF85-4886-836A-F9AFD61761E0-scaled.jpeg?resize=1400%2C800&ssl=1 4x"},"classes":[]}],"jetpack_sharing_enabled":true,"_links":{"self":[{"href":"https:\/\/suesse-geschichten.de\/shop\/wp-json\/wp\/v2\/pages\/14","targetHints":{"allow":["GET"]}}],"collection":[{"href":"https:\/\/suesse-geschichten.de\/shop\/wp-json\/wp\/v2\/pages"}],"about":[{"href":"https:\/\/suesse-geschichten.de\/shop\/wp-json\/wp\/v2\/types\/page"}],"author":[{"embeddable":true,"href":"https:\/\/suesse-geschichten.de\/shop\/wp-json\/wp\/v2\/users\/1"}],"replies":[{"embeddable":true,"href":"https:\/\/suesse-geschichten.de\/shop\/wp-json\/wp\/v2\/comments?post=14"}],"version-history":[{"count":6,"href":"https:\/\/suesse-geschichten.de\/shop\/wp-json\/wp\/v2\/pages\/14\/revisions"}],"predecessor-version":[{"id":1784,"href":"https:\/\/suesse-geschichten.de\/shop\/wp-json\/wp\/v2\/pages\/14\/revisions\/1784"}],"wp:attachment":[{"href":"https:\/\/suesse-geschichten.de\/shop\/wp-json\/wp\/v2\/media?parent=14"}],"curies":[{"name":"wp","href":"https:\/\/api.w.org\/{rel}","templated":true}]}}