{"id":118,"date":"2022-05-28T18:10:26","date_gmt":"2022-05-28T16:10:26","guid":{"rendered":"https:\/\/suesse-geschichten.de\/shop\/?page_id=118"},"modified":"2025-01-03T19:56:49","modified_gmt":"2025-01-03T18:56:49","slug":"meine-geschichte","status":"publish","type":"page","link":"https:\/\/suesse-geschichten.de\/shop\/meine-geschichte\/","title":{"rendered":"Meine Geschichte"},"content":{"rendered":"\n<figure class=\"wp-block-image aligncenter size-large is-resized\"><img data-recalc-dims=\"1\" decoding=\"async\" width=\"768\" height=\"1024\" src=\"https:\/\/i0.wp.com\/suesse-geschichten.de\/shop\/wp-content\/uploads\/2022\/05\/Maria-Krauss.jpg?resize=768%2C1024&#038;ssl=1\" alt=\"\" class=\"wp-image-99\" style=\"width:365px;height:486px\" srcset=\"https:\/\/i0.wp.com\/suesse-geschichten.de\/shop\/wp-content\/uploads\/2022\/05\/Maria-Krauss.jpg?resize=768%2C1024&amp;ssl=1 768w, https:\/\/i0.wp.com\/suesse-geschichten.de\/shop\/wp-content\/uploads\/2022\/05\/Maria-Krauss.jpg?resize=225%2C300&amp;ssl=1 225w, https:\/\/i0.wp.com\/suesse-geschichten.de\/shop\/wp-content\/uploads\/2022\/05\/Maria-Krauss.jpg?resize=920%2C1227&amp;ssl=1 920w, https:\/\/i0.wp.com\/suesse-geschichten.de\/shop\/wp-content\/uploads\/2022\/05\/Maria-Krauss.jpg?resize=230%2C307&amp;ssl=1 230w, https:\/\/i0.wp.com\/suesse-geschichten.de\/shop\/wp-content\/uploads\/2022\/05\/Maria-Krauss.jpg?resize=350%2C467&amp;ssl=1 350w, https:\/\/i0.wp.com\/suesse-geschichten.de\/shop\/wp-content\/uploads\/2022\/05\/Maria-Krauss.jpg?resize=480%2C640&amp;ssl=1 480w, https:\/\/i0.wp.com\/suesse-geschichten.de\/shop\/wp-content\/uploads\/2022\/05\/Maria-Krauss.jpg?resize=600%2C800&amp;ssl=1 600w, https:\/\/i0.wp.com\/suesse-geschichten.de\/shop\/wp-content\/uploads\/2022\/05\/Maria-Krauss.jpg?w=960&amp;ssl=1 960w\" sizes=\"(max-width: 768px) 100vw, 768px\" \/><\/figure>\n\n\n\n<p>Vor 25 Jahren kam ich, junge russische Historikerin, der Liebe wegen nach Dresden, in der Hoffnung, hier weiter meine Forschungen auf dem Gebiet des franz\u00f6sischen Mittelalters fortzusetzen. Leider stellte sich heraus, dass franz\u00f6sische Geschichte hier kaum jemanden interessierte &#8230;<\/p>\n\n\n\n<p>Da habe ich mich entschieden, was ganz Anderes anzufangen, studierte Wirtschaftsinformatik und arbeite nun bei einem renommierten IT-Unternehmen. Aber die Liebe zu was S\u00fc\u00dfem, zur Konditorei hat mich nie losgelassen. Und so habe ich angefangen, mich erstmal selbst weiterzubilden und dann kamen unz\u00e4hlige Kurse, Seminare, Master Classes und ein Studium in einer spanischen Konditorschule hinzu. Ich bin gl\u00fccklich, von solchen ber\u00fchmten Konditoren wie Hans Ovando, Olga van Jung, Maria Selyanina, Saba Djangdschava gelernt zu haben.<\/p>\n\n\n\n<p>Meine Leidenschaft ist die franz\u00f6sische Patisserie, insbesondere Moussedesserts, Eclairs und Tartes. F\u00fcr diese drei Dessertarten hatte ich anfangs eine Ausnahmegenehmigung. Durch viele Weiterbildungen bin ich nun von der Handwerkskammer Dresden anerkannte Konditorin und auch Chocolatiere und darf Sie alle mit meinen Kreationen verw\u00f6hnen.<\/p>\n\n\n\n<p>Meine Desserts k\u00f6nnen Sie gleich hier bei mir bestellen. Ich freue mich, Ihre Events (Geburtstage, Hochzeiten, etc.) und jeden Tag zu vers\u00fc\u00dfen.<\/p>\n\n\n\n<p>Auf Instagram finden Sie mich unter <a href=\"https:\/\/www.instagram.com\/pastry_jazz\/\" target=\"_blank\" rel=\"noreferrer noopener\">@pastry_jazz<\/a>.<\/p>\n\n\n\n<p>Ihre\/Eure Maria Krau\u00df<\/p>\n","protected":false},"excerpt":{"rendered":"<p>Vor 25 Jahren kam ich, junge russische Historikerin, der Liebe wegen nach Dresden, in der Hoffnung, hier weiter meine Forschungen auf dem [&hellip;]<\/p>\n","protected":false},"author":1,"featured_media":0,"parent":0,"menu_order":0,"comment_status":"closed","ping_status":"closed","template":"","meta":{"footnotes":""},"class_list":["post-118","page","type-page","status-publish","hentry"],"yoast_head":"<!-- This site is optimized with the Yoast SEO plugin v27.4 - https:\/\/yoast.com\/product\/yoast-seo-wordpress\/ -->\n<title>Meine Geschichte - &quot;S\u00fc\u00dfe Geschichten&quot; - Dessert-Atelier Maria Krau\u00df<\/title>\n<meta name=\"robots\" content=\"index, follow, max-snippet:-1, max-image-preview:large, max-video-preview:-1\" \/>\n<link rel=\"canonical\" href=\"https:\/\/suesse-geschichten.de\/shop\/meine-geschichte\/\" \/>\n<meta property=\"og:locale\" content=\"de_DE\" \/>\n<meta property=\"og:type\" content=\"article\" \/>\n<meta property=\"og:title\" content=\"Meine Geschichte - &quot;S\u00fc\u00dfe Geschichten&quot; - Dessert-Atelier Maria Krau\u00df\" \/>\n<meta property=\"og:description\" content=\"Vor 25 Jahren kam ich, junge russische Historikerin, der Liebe wegen nach Dresden, in der Hoffnung, hier weiter meine Forschungen auf dem [&hellip;]\" \/>\n<meta property=\"og:url\" content=\"https:\/\/suesse-geschichten.de\/shop\/meine-geschichte\/\" \/>\n<meta property=\"og:site_name\" content=\"&quot;S\u00fc\u00dfe Geschichten&quot; - Dessert-Atelier Maria Krau\u00df\" \/>\n<meta property=\"article:modified_time\" content=\"2025-01-03T18:56:49+00:00\" \/>\n<meta property=\"og:image\" content=\"https:\/\/suesse-geschichten.de\/shop\/wp-content\/uploads\/2022\/05\/Maria-Krauss-768x1024.jpg\" \/>\n<meta name=\"twitter:card\" content=\"summary_large_image\" \/>\n<meta name=\"twitter:label1\" content=\"Gesch\u00e4tzte Lesezeit\" \/>\n\t<meta name=\"twitter:data1\" content=\"2\u00a0Minuten\" \/>\n<script type=\"application\/ld+json\" class=\"yoast-schema-graph\">{\"@context\":\"https:\\\/\\\/schema.org\",\"@graph\":[{\"@type\":\"WebPage\",\"@id\":\"https:\\\/\\\/suesse-geschichten.de\\\/shop\\\/meine-geschichte\\\/\",\"url\":\"https:\\\/\\\/suesse-geschichten.de\\\/shop\\\/meine-geschichte\\\/\",\"name\":\"Meine Geschichte - &quot;S\u00fc\u00dfe Geschichten&quot; - Dessert-Atelier Maria Krau\u00df\",\"isPartOf\":{\"@id\":\"https:\\\/\\\/suesse-geschichten.de\\\/shop\\\/#website\"},\"primaryImageOfPage\":{\"@id\":\"https:\\\/\\\/suesse-geschichten.de\\\/shop\\\/meine-geschichte\\\/#primaryimage\"},\"image\":{\"@id\":\"https:\\\/\\\/suesse-geschichten.de\\\/shop\\\/meine-geschichte\\\/#primaryimage\"},\"thumbnailUrl\":\"https:\\\/\\\/suesse-geschichten.de\\\/shop\\\/wp-content\\\/uploads\\\/2022\\\/05\\\/Maria-Krauss-768x1024.jpg\",\"datePublished\":\"2022-05-28T16:10:26+00:00\",\"dateModified\":\"2025-01-03T18:56:49+00:00\",\"breadcrumb\":{\"@id\":\"https:\\\/\\\/suesse-geschichten.de\\\/shop\\\/meine-geschichte\\\/#breadcrumb\"},\"inLanguage\":\"de\",\"potentialAction\":[{\"@type\":\"ReadAction\",\"target\":[\"https:\\\/\\\/suesse-geschichten.de\\\/shop\\\/meine-geschichte\\\/\"]}]},{\"@type\":\"ImageObject\",\"inLanguage\":\"de\",\"@id\":\"https:\\\/\\\/suesse-geschichten.de\\\/shop\\\/meine-geschichte\\\/#primaryimage\",\"url\":\"https:\\\/\\\/i0.wp.com\\\/suesse-geschichten.de\\\/shop\\\/wp-content\\\/uploads\\\/2022\\\/05\\\/Maria-Krauss.jpg?fit=960%2C1280&ssl=1\",\"contentUrl\":\"https:\\\/\\\/i0.wp.com\\\/suesse-geschichten.de\\\/shop\\\/wp-content\\\/uploads\\\/2022\\\/05\\\/Maria-Krauss.jpg?fit=960%2C1280&ssl=1\",\"width\":960,\"height\":1280},{\"@type\":\"BreadcrumbList\",\"@id\":\"https:\\\/\\\/suesse-geschichten.de\\\/shop\\\/meine-geschichte\\\/#breadcrumb\",\"itemListElement\":[{\"@type\":\"ListItem\",\"position\":1,\"name\":\"Startseite\",\"item\":\"https:\\\/\\\/suesse-geschichten.de\\\/shop\\\/\"},{\"@type\":\"ListItem\",\"position\":2,\"name\":\"Meine Geschichte\"}]},{\"@type\":\"WebSite\",\"@id\":\"https:\\\/\\\/suesse-geschichten.de\\\/shop\\\/#website\",\"url\":\"https:\\\/\\\/suesse-geschichten.de\\\/shop\\\/\",\"name\":\"&quot;S\u00fc\u00dfe Geschichten&quot; - Dessert-Atelier Maria Krau\u00df\",\"description\":\"Hier biete ich franz\u00f6sische P\u00e2tisserie in Dresden an\",\"publisher\":{\"@id\":\"https:\\\/\\\/suesse-geschichten.de\\\/shop\\\/#organization\"},\"potentialAction\":[{\"@type\":\"SearchAction\",\"target\":{\"@type\":\"EntryPoint\",\"urlTemplate\":\"https:\\\/\\\/suesse-geschichten.de\\\/shop\\\/?s={search_term_string}\"},\"query-input\":{\"@type\":\"PropertyValueSpecification\",\"valueRequired\":true,\"valueName\":\"search_term_string\"}}],\"inLanguage\":\"de\"},{\"@type\":\"Organization\",\"@id\":\"https:\\\/\\\/suesse-geschichten.de\\\/shop\\\/#organization\",\"name\":\"&quot;S\u00fc\u00dfe Geschichten&quot; - Dessert-Atelier Maria Krau\u00df\",\"url\":\"https:\\\/\\\/suesse-geschichten.de\\\/shop\\\/\",\"logo\":{\"@type\":\"ImageObject\",\"inLanguage\":\"de\",\"@id\":\"https:\\\/\\\/suesse-geschichten.de\\\/shop\\\/#\\\/schema\\\/logo\\\/image\\\/\",\"url\":\"https:\\\/\\\/i0.wp.com\\\/suesse-geschichten.de\\\/shop\\\/wp-content\\\/uploads\\\/2022\\\/05\\\/Logo.png?fit=301%2C77&ssl=1\",\"contentUrl\":\"https:\\\/\\\/i0.wp.com\\\/suesse-geschichten.de\\\/shop\\\/wp-content\\\/uploads\\\/2022\\\/05\\\/Logo.png?fit=301%2C77&ssl=1\",\"width\":301,\"height\":77,\"caption\":\"&quot;S\u00fc\u00dfe Geschichten&quot; - Dessert-Atelier Maria Krau\u00df\"},\"image\":{\"@id\":\"https:\\\/\\\/suesse-geschichten.de\\\/shop\\\/#\\\/schema\\\/logo\\\/image\\\/\"}}]}<\/script>\n<!-- \/ Yoast SEO plugin. -->","yoast_head_json":{"title":"Meine Geschichte - &quot;S\u00fc\u00dfe Geschichten&quot; - Dessert-Atelier Maria Krau\u00df","robots":{"index":"index","follow":"follow","max-snippet":"max-snippet:-1","max-image-preview":"max-image-preview:large","max-video-preview":"max-video-preview:-1"},"canonical":"https:\/\/suesse-geschichten.de\/shop\/meine-geschichte\/","og_locale":"de_DE","og_type":"article","og_title":"Meine Geschichte - &quot;S\u00fc\u00dfe Geschichten&quot; - Dessert-Atelier Maria Krau\u00df","og_description":"Vor 25 Jahren kam ich, junge russische Historikerin, der Liebe wegen nach Dresden, in der Hoffnung, hier weiter meine Forschungen auf dem [&hellip;]","og_url":"https:\/\/suesse-geschichten.de\/shop\/meine-geschichte\/","og_site_name":"&quot;S\u00fc\u00dfe Geschichten&quot; - Dessert-Atelier Maria Krau\u00df","article_modified_time":"2025-01-03T18:56:49+00:00","og_image":[{"url":"https:\/\/suesse-geschichten.de\/shop\/wp-content\/uploads\/2022\/05\/Maria-Krauss-768x1024.jpg","type":"","width":"","height":""}],"twitter_card":"summary_large_image","twitter_misc":{"Gesch\u00e4tzte Lesezeit":"2\u00a0Minuten"},"schema":{"@context":"https:\/\/schema.org","@graph":[{"@type":"WebPage","@id":"https:\/\/suesse-geschichten.de\/shop\/meine-geschichte\/","url":"https:\/\/suesse-geschichten.de\/shop\/meine-geschichte\/","name":"Meine Geschichte - &quot;S\u00fc\u00dfe Geschichten&quot; - Dessert-Atelier Maria Krau\u00df","isPartOf":{"@id":"https:\/\/suesse-geschichten.de\/shop\/#website"},"primaryImageOfPage":{"@id":"https:\/\/suesse-geschichten.de\/shop\/meine-geschichte\/#primaryimage"},"image":{"@id":"https:\/\/suesse-geschichten.de\/shop\/meine-geschichte\/#primaryimage"},"thumbnailUrl":"https:\/\/suesse-geschichten.de\/shop\/wp-content\/uploads\/2022\/05\/Maria-Krauss-768x1024.jpg","datePublished":"2022-05-28T16:10:26+00:00","dateModified":"2025-01-03T18:56:49+00:00","breadcrumb":{"@id":"https:\/\/suesse-geschichten.de\/shop\/meine-geschichte\/#breadcrumb"},"inLanguage":"de","potentialAction":[{"@type":"ReadAction","target":["https:\/\/suesse-geschichten.de\/shop\/meine-geschichte\/"]}]},{"@type":"ImageObject","inLanguage":"de","@id":"https:\/\/suesse-geschichten.de\/shop\/meine-geschichte\/#primaryimage","url":"https:\/\/i0.wp.com\/suesse-geschichten.de\/shop\/wp-content\/uploads\/2022\/05\/Maria-Krauss.jpg?fit=960%2C1280&ssl=1","contentUrl":"https:\/\/i0.wp.com\/suesse-geschichten.de\/shop\/wp-content\/uploads\/2022\/05\/Maria-Krauss.jpg?fit=960%2C1280&ssl=1","width":960,"height":1280},{"@type":"BreadcrumbList","@id":"https:\/\/suesse-geschichten.de\/shop\/meine-geschichte\/#breadcrumb","itemListElement":[{"@type":"ListItem","position":1,"name":"Startseite","item":"https:\/\/suesse-geschichten.de\/shop\/"},{"@type":"ListItem","position":2,"name":"Meine Geschichte"}]},{"@type":"WebSite","@id":"https:\/\/suesse-geschichten.de\/shop\/#website","url":"https:\/\/suesse-geschichten.de\/shop\/","name":"&quot;S\u00fc\u00dfe Geschichten&quot; - Dessert-Atelier Maria Krau\u00df","description":"Hier biete ich franz\u00f6sische P\u00e2tisserie in Dresden an","publisher":{"@id":"https:\/\/suesse-geschichten.de\/shop\/#organization"},"potentialAction":[{"@type":"SearchAction","target":{"@type":"EntryPoint","urlTemplate":"https:\/\/suesse-geschichten.de\/shop\/?s={search_term_string}"},"query-input":{"@type":"PropertyValueSpecification","valueRequired":true,"valueName":"search_term_string"}}],"inLanguage":"de"},{"@type":"Organization","@id":"https:\/\/suesse-geschichten.de\/shop\/#organization","name":"&quot;S\u00fc\u00dfe Geschichten&quot; - Dessert-Atelier Maria Krau\u00df","url":"https:\/\/suesse-geschichten.de\/shop\/","logo":{"@type":"ImageObject","inLanguage":"de","@id":"https:\/\/suesse-geschichten.de\/shop\/#\/schema\/logo\/image\/","url":"https:\/\/i0.wp.com\/suesse-geschichten.de\/shop\/wp-content\/uploads\/2022\/05\/Logo.png?fit=301%2C77&ssl=1","contentUrl":"https:\/\/i0.wp.com\/suesse-geschichten.de\/shop\/wp-content\/uploads\/2022\/05\/Logo.png?fit=301%2C77&ssl=1","width":301,"height":77,"caption":"&quot;S\u00fc\u00dfe Geschichten&quot; - Dessert-Atelier Maria Krau\u00df"},"image":{"@id":"https:\/\/suesse-geschichten.de\/shop\/#\/schema\/logo\/image\/"}}]}},"jetpack-related-posts":[{"id":67,"url":"https:\/\/suesse-geschichten.de\/shop\/","url_meta":{"origin":118,"position":0},"title":"Franz\u00ad\u00f6sische Back\u00adkunst aus Dresden","author":"admin","date":"27. Mai 2022","format":false,"excerpt":"Macaron-Special zum Muttertag Dieses Jahr haben wir uns Macarons in Blumenform ausgedacht und neue Geschmacksrichtungen entwickelt.Da freuen sich die M\u00fctter oder als \"Danke\" f\u00fcr jemanden ist es auch eine gute Idee! Neue Kurse verf\u00fcgbar Nach unserem ersten erfolgreichen Macaron-Kurs findet der n\u00e4chste im April statt! Hier geht es zu unserem\u2026","rel":"","context":"\u00c4hnlicher Beitrag","block_context":{"text":"\u00c4hnlicher Beitrag","link":""},"img":{"alt_text":"","src":"https:\/\/i0.wp.com\/suesse-geschichten.de\/shop\/wp-content\/uploads\/2022\/05\/3FC8D5B6-EF85-4886-836A-F9AFD61761E0-scaled.jpeg?resize=350%2C200&ssl=1","width":350,"height":200,"srcset":"https:\/\/i0.wp.com\/suesse-geschichten.de\/shop\/wp-content\/uploads\/2022\/05\/3FC8D5B6-EF85-4886-836A-F9AFD61761E0-scaled.jpeg?resize=350%2C200&ssl=1 1x, https:\/\/i0.wp.com\/suesse-geschichten.de\/shop\/wp-content\/uploads\/2022\/05\/3FC8D5B6-EF85-4886-836A-F9AFD61761E0-scaled.jpeg?resize=525%2C300&ssl=1 1.5x, https:\/\/i0.wp.com\/suesse-geschichten.de\/shop\/wp-content\/uploads\/2022\/05\/3FC8D5B6-EF85-4886-836A-F9AFD61761E0-scaled.jpeg?resize=700%2C400&ssl=1 2x, https:\/\/i0.wp.com\/suesse-geschichten.de\/shop\/wp-content\/uploads\/2022\/05\/3FC8D5B6-EF85-4886-836A-F9AFD61761E0-scaled.jpeg?resize=1050%2C600&ssl=1 3x, https:\/\/i0.wp.com\/suesse-geschichten.de\/shop\/wp-content\/uploads\/2022\/05\/3FC8D5B6-EF85-4886-836A-F9AFD61761E0-scaled.jpeg?resize=1400%2C800&ssl=1 4x"},"classes":[]},{"id":1607,"url":"https:\/\/suesse-geschichten.de\/shop\/kurs-angebot\/","url_meta":{"origin":118,"position":1},"title":"Kurs-Angebot","author":"admin","date":"12. M\u00e4rz 2025","format":false,"excerpt":"Mousset\u00f6rtchenDauer: ca. 3-4 Stunden | 8 Teilnehmer | Preis: 87 \u20acDie Teilnehmer werden selbst\u00e4ndig 4 verschiedene Arten Mousset\u00f6rtchen herstellen (Biskuitb\u00f6den, F\u00fcllungen, Mousse). Diese werden glasiert\/bespr\u00fcht und dekorieren. Jeder kann 4 Mousset\u00f6rtchen mit nach Hause nehmen. Dazu gibt es noch Kaffee und unsere Desserts zum probieren.Ein Kurs findet ab 6 belegten\u2026","rel":"","context":"\u00c4hnlicher Beitrag","block_context":{"text":"\u00c4hnlicher Beitrag","link":""},"img":{"alt_text":"","src":"https:\/\/i0.wp.com\/suesse-geschichten.de\/shop\/wp-content\/uploads\/2026\/03\/Macaronkurs.jpg?resize=350%2C200&ssl=1","width":350,"height":200,"srcset":"https:\/\/i0.wp.com\/suesse-geschichten.de\/shop\/wp-content\/uploads\/2026\/03\/Macaronkurs.jpg?resize=350%2C200&ssl=1 1x, https:\/\/i0.wp.com\/suesse-geschichten.de\/shop\/wp-content\/uploads\/2026\/03\/Macaronkurs.jpg?resize=525%2C300&ssl=1 1.5x, https:\/\/i0.wp.com\/suesse-geschichten.de\/shop\/wp-content\/uploads\/2026\/03\/Macaronkurs.jpg?resize=700%2C400&ssl=1 2x"},"classes":[]},{"id":6,"url":"https:\/\/suesse-geschichten.de\/shop\/shop\/","url_meta":{"origin":118,"position":2},"title":"Mein Shop","author":"admin","date":"26. Mai 2022","format":false,"excerpt":"","rel":"","context":"\u00c4hnlicher Beitrag","block_context":{"text":"\u00c4hnlicher Beitrag","link":""},"img":{"alt_text":"","src":"","width":0,"height":0},"classes":[]},{"id":7,"url":"https:\/\/suesse-geschichten.de\/shop\/warenkorb\/","url_meta":{"origin":118,"position":3},"title":"Warenkorb","author":"admin","date":"26. Mai 2022","format":false,"excerpt":"","rel":"","context":"\u00c4hnlicher Beitrag","block_context":{"text":"\u00c4hnlicher Beitrag","link":""},"img":{"alt_text":"","src":"","width":0,"height":0},"classes":[]},{"id":8,"url":"https:\/\/suesse-geschichten.de\/shop\/kasse\/","url_meta":{"origin":118,"position":4},"title":"Kasse","author":"admin","date":"26. Mai 2022","format":false,"excerpt":"","rel":"","context":"\u00c4hnlicher Beitrag","block_context":{"text":"\u00c4hnlicher Beitrag","link":""},"img":{"alt_text":"","src":"","width":0,"height":0},"classes":[]},{"id":9,"url":"https:\/\/suesse-geschichten.de\/shop\/mein-konto\/","url_meta":{"origin":118,"position":5},"title":"Mein Konto","author":"admin","date":"26. Mai 2022","format":false,"excerpt":"","rel":"","context":"\u00c4hnlicher Beitrag","block_context":{"text":"\u00c4hnlicher Beitrag","link":""},"img":{"alt_text":"","src":"","width":0,"height":0},"classes":[]}],"jetpack_sharing_enabled":true,"_links":{"self":[{"href":"https:\/\/suesse-geschichten.de\/shop\/wp-json\/wp\/v2\/pages\/118","targetHints":{"allow":["GET"]}}],"collection":[{"href":"https:\/\/suesse-geschichten.de\/shop\/wp-json\/wp\/v2\/pages"}],"about":[{"href":"https:\/\/suesse-geschichten.de\/shop\/wp-json\/wp\/v2\/types\/page"}],"author":[{"embeddable":true,"href":"https:\/\/suesse-geschichten.de\/shop\/wp-json\/wp\/v2\/users\/1"}],"replies":[{"embeddable":true,"href":"https:\/\/suesse-geschichten.de\/shop\/wp-json\/wp\/v2\/comments?post=118"}],"version-history":[{"count":10,"href":"https:\/\/suesse-geschichten.de\/shop\/wp-json\/wp\/v2\/pages\/118\/revisions"}],"predecessor-version":[{"id":1567,"href":"https:\/\/suesse-geschichten.de\/shop\/wp-json\/wp\/v2\/pages\/118\/revisions\/1567"}],"wp:attachment":[{"href":"https:\/\/suesse-geschichten.de\/shop\/wp-json\/wp\/v2\/media?parent=118"}],"curies":[{"name":"wp","href":"https:\/\/api.w.org\/{rel}","templated":true}]}}